{"id":38995,"date":"2024-11-11T16:41:37","date_gmt":"2024-11-12T09:46:13","guid":{"rendered":"https:\/\/www.miravila.com\/product\/penztarca\/"},"modified":"2024-11-13T08:38:07","modified_gmt":"2024-11-13T07:38:07","slug":"penztarca","status":"publish","type":"product","link":"https:\/\/www.miravila.com\/hu\/termek\/penztarca\/","title":{"rendered":"P\u00e9nzt\u00e1rca"},"content":{"rendered":"","protected":false},"excerpt":{"rendered":"<p>A habos p\u00e1lca puha \u00e9s k\u00f6nny\u0171 j\u00e1t\u00e9k, amely leny\u0171g\u00f6zi a k\u00fcl\u00f6nb\u00f6z\u0151 kor\u00fa gyerekeket. Magas min\u0151s\u00e9g\u0171 habb\u00f3l k\u00e9sz\u00fclt, amely biztons\u00e1gos \u00e9s \u00e1rtalmatlan a j\u00e1t\u00e9khoz. A p\u00e1lca aranyos diz\u00e1jnnal rendelkezik, amely felkelti a gyerekek figyelm\u00e9t \u00e9s \u00f6szt\u00f6nzi a k\u00e9pzelet\u00fcket. Puha anyaga miatt ide\u00e1lis pr\u00e9sel\u00e9sre, dob\u00e1l\u00e1sra \u00e9s k\u00fcl\u00f6nb\u00f6z\u0151 j\u00e1t\u00e9kokhoz. A habos p\u00e1lca remek\u00fcl seg\u00edti a motoros k\u00e9szs\u00e9gek \u00e9s a k\u00e9z koordin\u00e1ci\u00f3j\u00e1nak fejl\u0151d\u00e9s\u00e9t is. Ak\u00e1r a gyerek egyed\u00fcl, ak\u00e1r bar\u00e1tokkal j\u00e1tszik, a habos p\u00e1lca \u00f3r\u00e1kon \u00e1t tart\u00f3 sz\u00f3rakoz\u00e1st \u00e9s j\u00e1t\u00e9kot biztos\u00edt.<\/p>\n","protected":false},"featured_media":37017,"comment_status":"closed","ping_status":"open","template":"","meta":[],"product_brand":[],"product_cat":[2034,3678],"product_tag":[],"class_list":{"0":"post-38995","1":"product","2":"type-product","3":"status-publish","4":"has-post-thumbnail","6":"product_cat-karacsony","7":"product_cat-ujevi-diszek","8":"pa_barva-piros","9":"pa_velikost-48-cm-hu","11":"first","12":"outofstock","13":"taxable","14":"shipping-taxable","15":"purchasable","16":"product-type-simple"},"_links":{"self":[{"href":"https:\/\/www.miravila.com\/hu\/wp-json\/wp\/v2\/product\/38995","targetHints":{"allow":["GET"]}}],"collection":[{"href":"https:\/\/www.miravila.com\/hu\/wp-json\/wp\/v2\/product"}],"about":[{"href":"https:\/\/www.miravila.com\/hu\/wp-json\/wp\/v2\/types\/product"}],"replies":[{"embeddable":true,"href":"https:\/\/www.miravila.com\/hu\/wp-json\/wp\/v2\/comments?post=38995"}],"wp:featuredmedia":[{"embeddable":true,"href":"https:\/\/www.miravila.com\/hu\/wp-json\/wp\/v2\/media\/37017"}],"wp:attachment":[{"href":"https:\/\/www.miravila.com\/hu\/wp-json\/wp\/v2\/media?parent=38995"}],"wp:term":[{"taxonomy":"product_brand","embeddable":true,"href":"https:\/\/www.miravila.com\/hu\/wp-json\/wp\/v2\/product_brand?post=38995"},{"taxonomy":"product_cat","embeddable":true,"href":"https:\/\/www.miravila.com\/hu\/wp-json\/wp\/v2\/product_cat?post=38995"},{"taxonomy":"product_tag","embeddable":true,"href":"https:\/\/www.miravila.com\/hu\/wp-json\/wp\/v2\/product_tag?post=38995"}],"curies":[{"name":"wp","href":"https:\/\/api.w.org\/{rel}","templated":true}]}}