{"id":38979,"date":"2024-11-12T10:45:52","date_gmt":"2024-11-12T09:45:52","guid":{"rendered":"https:\/\/www.miravila.com\/product\/damaszkuszi-gemma-medal-h-13-cm-piros\/"},"modified":"2024-11-13T08:36:44","modified_gmt":"2024-11-13T07:36:44","slug":"damaszkuszi-gemma-medal-h-13-cm-piros","status":"publish","type":"product","link":"https:\/\/www.miravila.com\/hu\/termek\/damaszkuszi-gemma-medal-h-13-cm-piros\/","title":{"rendered":"Damaszkuszi gemma med\u00e1l h-13 cm piros"},"content":{"rendered":"","protected":false},"excerpt":{"rendered":"<p>\u00daj\u00e9vi d\u00edsz OBESEK GEMME DAMASCO H-13 CM PIROS<\/p>\n","protected":false},"featured_media":25550,"comment_status":"closed","ping_status":"open","template":"","meta":[],"product_brand":[],"product_cat":[2034,3678],"product_tag":[],"class_list":{"0":"post-38979","1":"product","2":"type-product","3":"status-publish","4":"has-post-thumbnail","6":"product_cat-karacsony","7":"product_cat-ujevi-diszek","8":"pa_barva-piros","9":"pa_velikost-13-hu","11":"first","12":"outofstock","13":"taxable","14":"shipping-taxable","15":"purchasable","16":"product-type-simple"},"_links":{"self":[{"href":"https:\/\/www.miravila.com\/hu\/wp-json\/wp\/v2\/product\/38979","targetHints":{"allow":["GET"]}}],"collection":[{"href":"https:\/\/www.miravila.com\/hu\/wp-json\/wp\/v2\/product"}],"about":[{"href":"https:\/\/www.miravila.com\/hu\/wp-json\/wp\/v2\/types\/product"}],"replies":[{"embeddable":true,"href":"https:\/\/www.miravila.com\/hu\/wp-json\/wp\/v2\/comments?post=38979"}],"wp:featuredmedia":[{"embeddable":true,"href":"https:\/\/www.miravila.com\/hu\/wp-json\/wp\/v2\/media\/25550"}],"wp:attachment":[{"href":"https:\/\/www.miravila.com\/hu\/wp-json\/wp\/v2\/media?parent=38979"}],"wp:term":[{"taxonomy":"product_brand","embeddable":true,"href":"https:\/\/www.miravila.com\/hu\/wp-json\/wp\/v2\/product_brand?post=38979"},{"taxonomy":"product_cat","embeddable":true,"href":"https:\/\/www.miravila.com\/hu\/wp-json\/wp\/v2\/product_cat?post=38979"},{"taxonomy":"product_tag","embeddable":true,"href":"https:\/\/www.miravila.com\/hu\/wp-json\/wp\/v2\/product_tag?post=38979"}],"curies":[{"name":"wp","href":"https:\/\/api.w.org\/{rel}","templated":true}]}}