{"id":38977,"date":"2024-11-11T16:40:17","date_gmt":"2024-11-12T09:45:52","guid":{"rendered":"https:\/\/www.miravila.com\/product\/nadrag-akaszto-sapka-kicsi-h-25-cm-x-1-2-modell\/"},"modified":"2024-11-13T08:38:19","modified_gmt":"2024-11-13T07:38:19","slug":"nadrag-akaszto-sapka-kicsi-h-25-cm-x-1-2-modell","status":"publish","type":"product","link":"https:\/\/www.miravila.com\/hu\/termek\/nadrag-akaszto-sapka-kicsi-h-25-cm-x-1-2-modell\/","title":{"rendered":"Nadr\u00e1g akaszt\u00f3, sapka kicsi h-25 cm x 1 (2 modell)"},"content":{"rendered":"","protected":false},"excerpt":{"rendered":"<p>\u00daj\u00e9vi d\u00edsz F\u00dcGGESZTETT NADR\u00c1G, KALAP, KESZTY\u0170 H-25 CM X 1 (2 MODELL)<\/p>\n","protected":false},"featured_media":25691,"comment_status":"closed","ping_status":"closed","template":"","meta":[],"product_brand":[],"product_cat":[2034,3678],"product_tag":[],"class_list":{"0":"post-38977","1":"product","2":"type-product","3":"status-publish","4":"has-post-thumbnail","6":"product_cat-karacsony","7":"product_cat-ujevi-diszek","8":"pa_barva-piros","9":"pa_velikost-25-cm-hu","11":"first","12":"outofstock","13":"taxable","14":"shipping-taxable","15":"purchasable","16":"product-type-simple"},"_links":{"self":[{"href":"https:\/\/www.miravila.com\/hu\/wp-json\/wp\/v2\/product\/38977","targetHints":{"allow":["GET"]}}],"collection":[{"href":"https:\/\/www.miravila.com\/hu\/wp-json\/wp\/v2\/product"}],"about":[{"href":"https:\/\/www.miravila.com\/hu\/wp-json\/wp\/v2\/types\/product"}],"replies":[{"embeddable":true,"href":"https:\/\/www.miravila.com\/hu\/wp-json\/wp\/v2\/comments?post=38977"}],"wp:featuredmedia":[{"embeddable":true,"href":"https:\/\/www.miravila.com\/hu\/wp-json\/wp\/v2\/media\/25691"}],"wp:attachment":[{"href":"https:\/\/www.miravila.com\/hu\/wp-json\/wp\/v2\/media?parent=38977"}],"wp:term":[{"taxonomy":"product_brand","embeddable":true,"href":"https:\/\/www.miravila.com\/hu\/wp-json\/wp\/v2\/product_brand?post=38977"},{"taxonomy":"product_cat","embeddable":true,"href":"https:\/\/www.miravila.com\/hu\/wp-json\/wp\/v2\/product_cat?post=38977"},{"taxonomy":"product_tag","embeddable":true,"href":"https:\/\/www.miravila.com\/hu\/wp-json\/wp\/v2\/product_tag?post=38977"}],"curies":[{"name":"wp","href":"https:\/\/api.w.org\/{rel}","templated":true}]}}