{"id":38934,"date":"2024-11-11T16:32:48","date_gmt":"2024-11-12T09:45:14","guid":{"rendered":"https:\/\/www.miravila.com\/product\/himzett-golyo-h-36-d-12-cm-piros\/"},"modified":"2024-11-13T08:40:36","modified_gmt":"2024-11-13T07:40:36","slug":"himzett-golyo-h-36-d-12-cm-piros","status":"publish","type":"product","link":"https:\/\/www.miravila.com\/hu\/termek\/himzett-golyo-h-36-d-12-cm-piros\/","title":{"rendered":"H\u00edmzett goly\u00f3 h-36, d-12 cm piros"},"content":{"rendered":"","protected":false},"excerpt":{"rendered":"<p>\u00daj\u00e9vi d\u00edsz, eleg\u00e1ns piros pompon arany d\u00edsz\u00edt\u00e9ssel.<\/p>\n","protected":false},"featured_media":25415,"comment_status":"closed","ping_status":"open","template":"","meta":[],"product_brand":[],"product_cat":[2034,3678],"product_tag":[5081,5071,5075],"class_list":{"0":"post-38934","1":"product","2":"type-product","3":"status-publish","4":"has-post-thumbnail","6":"product_cat-karacsony","7":"product_cat-ujevi-diszek","8":"product_tag-a-diotoro-kollekcio","9":"product_tag-gyujtemeny-hagyomanyos-karacsony","10":"product_tag-karacsonyi-otthoni-kollekcio","11":"pa_barva-piros","12":"pa_velikost-12-hu","14":"first","15":"instock","16":"taxable","17":"shipping-taxable","18":"purchasable","19":"product-type-simple"},"_links":{"self":[{"href":"https:\/\/www.miravila.com\/hu\/wp-json\/wp\/v2\/product\/38934","targetHints":{"allow":["GET"]}}],"collection":[{"href":"https:\/\/www.miravila.com\/hu\/wp-json\/wp\/v2\/product"}],"about":[{"href":"https:\/\/www.miravila.com\/hu\/wp-json\/wp\/v2\/types\/product"}],"replies":[{"embeddable":true,"href":"https:\/\/www.miravila.com\/hu\/wp-json\/wp\/v2\/comments?post=38934"}],"wp:featuredmedia":[{"embeddable":true,"href":"https:\/\/www.miravila.com\/hu\/wp-json\/wp\/v2\/media\/25415"}],"wp:attachment":[{"href":"https:\/\/www.miravila.com\/hu\/wp-json\/wp\/v2\/media?parent=38934"}],"wp:term":[{"taxonomy":"product_brand","embeddable":true,"href":"https:\/\/www.miravila.com\/hu\/wp-json\/wp\/v2\/product_brand?post=38934"},{"taxonomy":"product_cat","embeddable":true,"href":"https:\/\/www.miravila.com\/hu\/wp-json\/wp\/v2\/product_cat?post=38934"},{"taxonomy":"product_tag","embeddable":true,"href":"https:\/\/www.miravila.com\/hu\/wp-json\/wp\/v2\/product_tag?post=38934"}],"curies":[{"name":"wp","href":"https:\/\/api.w.org\/{rel}","templated":true}]}}