{"id":38911,"date":"2024-11-11T16:36:33","date_gmt":"2024-11-12T09:44:56","guid":{"rendered":"https:\/\/www.miravila.com\/product\/koromlakk-csillogo-kek-szoras\/"},"modified":"2024-11-13T08:38:59","modified_gmt":"2024-11-13T07:38:59","slug":"koromlakk-csillogo-kek-szoras","status":"publish","type":"product","link":"https:\/\/www.miravila.com\/hu\/termek\/koromlakk-csillogo-kek-szoras\/","title":{"rendered":"K\u00f6r\u00f6mlakk csillog\u00f3 k\u00e9k sz\u00f3r\u00e1s"},"content":{"rendered":"","protected":false},"excerpt":{"rendered":"<p>\u00daj\u00e9vi d\u00edsz<\/p>\n","protected":false},"featured_media":36462,"comment_status":"closed","ping_status":"open","template":"","meta":[],"product_brand":[],"product_cat":[2034,3678],"product_tag":[5066],"class_list":{"0":"post-38911","1":"product","2":"type-product","3":"status-publish","4":"has-post-thumbnail","6":"product_cat-karacsony","7":"product_cat-ujevi-diszek","8":"product_tag-a-polar-night-kollekcio","9":"pa_barva-kek","10":"pa_velikost-10-hu","11":"pa_velikost-14-hu","12":"pa_velikost-21-hu","13":"pa_velikost-7-hu","15":"first","16":"instock","17":"taxable","18":"shipping-taxable","19":"purchasable","20":"product-type-variable","21":"has-default-attributes"},"_links":{"self":[{"href":"https:\/\/www.miravila.com\/hu\/wp-json\/wp\/v2\/product\/38911","targetHints":{"allow":["GET"]}}],"collection":[{"href":"https:\/\/www.miravila.com\/hu\/wp-json\/wp\/v2\/product"}],"about":[{"href":"https:\/\/www.miravila.com\/hu\/wp-json\/wp\/v2\/types\/product"}],"replies":[{"embeddable":true,"href":"https:\/\/www.miravila.com\/hu\/wp-json\/wp\/v2\/comments?post=38911"}],"wp:featuredmedia":[{"embeddable":true,"href":"https:\/\/www.miravila.com\/hu\/wp-json\/wp\/v2\/media\/36462"}],"wp:attachment":[{"href":"https:\/\/www.miravila.com\/hu\/wp-json\/wp\/v2\/media?parent=38911"}],"wp:term":[{"taxonomy":"product_brand","embeddable":true,"href":"https:\/\/www.miravila.com\/hu\/wp-json\/wp\/v2\/product_brand?post=38911"},{"taxonomy":"product_cat","embeddable":true,"href":"https:\/\/www.miravila.com\/hu\/wp-json\/wp\/v2\/product_cat?post=38911"},{"taxonomy":"product_tag","embeddable":true,"href":"https:\/\/www.miravila.com\/hu\/wp-json\/wp\/v2\/product_tag?post=38911"}],"curies":[{"name":"wp","href":"https:\/\/api.w.org\/{rel}","templated":true}]}}