{"id":38869,"date":"2024-11-11T16:31:41","date_gmt":"2024-11-12T09:44:20","guid":{"rendered":"https:\/\/www.miravila.com\/product\/gomb-uveg-feher-arany-csikok-d-10cm-x-1\/"},"modified":"2024-11-13T08:40:51","modified_gmt":"2024-11-13T07:40:51","slug":"gomb-uveg-feher-arany-csikok-d-10cm-x-1","status":"publish","type":"product","link":"https:\/\/www.miravila.com\/hu\/termek\/gomb-uveg-feher-arany-csikok-d-10cm-x-1\/","title":{"rendered":"G\u00f6mb \u00fcveg feh\u00e9r-arany Cs\u00edkok d-10cm x 1"},"content":{"rendered":"","protected":false},"excerpt":{"rendered":"<p>\u00daj\u00e9vi d\u00edsz feh\u00e9r sz\u00ednben arany hull\u00e1mos r\u00e9szletekkel.<\/p>\n","protected":false},"featured_media":36020,"comment_status":"closed","ping_status":"open","template":"","meta":[],"product_brand":[],"product_cat":[2034,3678],"product_tag":[5068,5077],"class_list":{"0":"post-38869","1":"product","2":"type-product","3":"status-publish","4":"has-post-thumbnail","6":"product_cat-karacsony","7":"product_cat-ujevi-diszek","8":"product_tag-a-kiralyi-palota-gyujtemenye","9":"product_tag-hollywood-glamour-kollekcio","10":"pa_barva-arany","11":"pa_barva-feher","12":"pa_velikost-10-hu","14":"first","15":"instock","16":"taxable","17":"shipping-taxable","18":"purchasable","19":"product-type-simple"},"_links":{"self":[{"href":"https:\/\/www.miravila.com\/hu\/wp-json\/wp\/v2\/product\/38869","targetHints":{"allow":["GET"]}}],"collection":[{"href":"https:\/\/www.miravila.com\/hu\/wp-json\/wp\/v2\/product"}],"about":[{"href":"https:\/\/www.miravila.com\/hu\/wp-json\/wp\/v2\/types\/product"}],"replies":[{"embeddable":true,"href":"https:\/\/www.miravila.com\/hu\/wp-json\/wp\/v2\/comments?post=38869"}],"wp:featuredmedia":[{"embeddable":true,"href":"https:\/\/www.miravila.com\/hu\/wp-json\/wp\/v2\/media\/36020"}],"wp:attachment":[{"href":"https:\/\/www.miravila.com\/hu\/wp-json\/wp\/v2\/media?parent=38869"}],"wp:term":[{"taxonomy":"product_brand","embeddable":true,"href":"https:\/\/www.miravila.com\/hu\/wp-json\/wp\/v2\/product_brand?post=38869"},{"taxonomy":"product_cat","embeddable":true,"href":"https:\/\/www.miravila.com\/hu\/wp-json\/wp\/v2\/product_cat?post=38869"},{"taxonomy":"product_tag","embeddable":true,"href":"https:\/\/www.miravila.com\/hu\/wp-json\/wp\/v2\/product_tag?post=38869"}],"curies":[{"name":"wp","href":"https:\/\/api.w.org\/{rel}","templated":true}]}}