{"id":38854,"date":"2024-11-11T16:34:36","date_gmt":"2024-11-12T09:44:04","guid":{"rendered":"https:\/\/www.miravila.com\/product\/hopehely-uveg-gomb-d-8-cm-feher\/"},"modified":"2024-11-13T08:39:56","modified_gmt":"2024-11-13T07:39:56","slug":"hopehely-uveg-gomb-d-8-cm-feher","status":"publish","type":"product","link":"https:\/\/www.miravila.com\/hu\/termek\/hopehely-uveg-gomb-d-8-cm-feher\/","title":{"rendered":"H\u00f3pehely \u00fcveg g\u00f6mb d-8 cm feh\u00e9r"},"content":{"rendered":"","protected":false},"excerpt":{"rendered":"<p>\u00daj\u00e9vi d\u00edsz tejsz\u00edne-feh\u00e9r \u00fcvegb\u0151l gy\u00f6ngyh\u00e1zf\u00e9ny\u0171 krist\u00e1lysz\u00f3r\u00e1ssal.<\/p>\n","protected":false},"featured_media":36321,"comment_status":"closed","ping_status":"open","template":"","meta":[],"product_brand":[],"product_cat":[2034,3678],"product_tag":[5080,5074],"class_list":{"0":"post-38854","1":"product","2":"type-product","3":"status-publish","4":"has-post-thumbnail","6":"product_cat-karacsony","7":"product_cat-ujevi-diszek","8":"product_tag-a-jegtunder-kollekcio","9":"product_tag-feher-karacsonyi-kollekcio","10":"pa_barva-ezust","11":"pa_barva-feher","12":"pa_velikost-8-hu","14":"first","15":"instock","16":"taxable","17":"shipping-taxable","18":"purchasable","19":"product-type-simple"},"_links":{"self":[{"href":"https:\/\/www.miravila.com\/hu\/wp-json\/wp\/v2\/product\/38854","targetHints":{"allow":["GET"]}}],"collection":[{"href":"https:\/\/www.miravila.com\/hu\/wp-json\/wp\/v2\/product"}],"about":[{"href":"https:\/\/www.miravila.com\/hu\/wp-json\/wp\/v2\/types\/product"}],"replies":[{"embeddable":true,"href":"https:\/\/www.miravila.com\/hu\/wp-json\/wp\/v2\/comments?post=38854"}],"wp:featuredmedia":[{"embeddable":true,"href":"https:\/\/www.miravila.com\/hu\/wp-json\/wp\/v2\/media\/36321"}],"wp:attachment":[{"href":"https:\/\/www.miravila.com\/hu\/wp-json\/wp\/v2\/media?parent=38854"}],"wp:term":[{"taxonomy":"product_brand","embeddable":true,"href":"https:\/\/www.miravila.com\/hu\/wp-json\/wp\/v2\/product_brand?post=38854"},{"taxonomy":"product_cat","embeddable":true,"href":"https:\/\/www.miravila.com\/hu\/wp-json\/wp\/v2\/product_cat?post=38854"},{"taxonomy":"product_tag","embeddable":true,"href":"https:\/\/www.miravila.com\/hu\/wp-json\/wp\/v2\/product_tag?post=38854"}],"curies":[{"name":"wp","href":"https:\/\/api.w.org\/{rel}","templated":true}]}}