{"id":38830,"date":"2024-11-11T16:49:56","date_gmt":"2024-11-12T09:43:45","guid":{"rendered":"https:\/\/www.miravila.com\/product\/a-gomb-uveg-megfagyott\/"},"modified":"2024-11-13T08:36:45","modified_gmt":"2024-11-13T07:36:45","slug":"a-gomb-uveg-megfagyott","status":"publish","type":"product","link":"https:\/\/www.miravila.com\/hu\/termek\/a-gomb-uveg-megfagyott\/","title":{"rendered":"A g\u00f6mb \u00fcveg megfagyott."},"content":{"rendered":"","protected":false},"excerpt":{"rendered":"<p>\u00daj\u00e9vi d\u00edsz, feh\u00e9r sz\u00ednben, j\u00e9gvir\u00e1g mint\u00e1val.<\/p>\n","protected":false},"featured_media":37724,"comment_status":"closed","ping_status":"open","template":"","meta":[],"product_brand":[],"product_cat":[2034,3678],"product_tag":[5080,5068,5073,5074],"class_list":{"0":"post-38830","1":"product","2":"type-product","3":"status-publish","4":"has-post-thumbnail","6":"product_cat-karacsony","7":"product_cat-ujevi-diszek","8":"product_tag-a-jegtunder-kollekcio","9":"product_tag-a-kiralyi-palota-gyujtemenye","10":"product_tag-adventi-frissesseg-kollekcio","11":"product_tag-feher-karacsonyi-kollekcio","12":"pa_barva-feher","13":"pa_velikost-10-hu","14":"pa_velikost-12-hu","16":"first","17":"outofstock","18":"taxable","19":"shipping-taxable","20":"purchasable","21":"product-type-variable","22":"has-default-attributes"},"_links":{"self":[{"href":"https:\/\/www.miravila.com\/hu\/wp-json\/wp\/v2\/product\/38830","targetHints":{"allow":["GET"]}}],"collection":[{"href":"https:\/\/www.miravila.com\/hu\/wp-json\/wp\/v2\/product"}],"about":[{"href":"https:\/\/www.miravila.com\/hu\/wp-json\/wp\/v2\/types\/product"}],"replies":[{"embeddable":true,"href":"https:\/\/www.miravila.com\/hu\/wp-json\/wp\/v2\/comments?post=38830"}],"wp:featuredmedia":[{"embeddable":true,"href":"https:\/\/www.miravila.com\/hu\/wp-json\/wp\/v2\/media\/37724"}],"wp:attachment":[{"href":"https:\/\/www.miravila.com\/hu\/wp-json\/wp\/v2\/media?parent=38830"}],"wp:term":[{"taxonomy":"product_brand","embeddable":true,"href":"https:\/\/www.miravila.com\/hu\/wp-json\/wp\/v2\/product_brand?post=38830"},{"taxonomy":"product_cat","embeddable":true,"href":"https:\/\/www.miravila.com\/hu\/wp-json\/wp\/v2\/product_cat?post=38830"},{"taxonomy":"product_tag","embeddable":true,"href":"https:\/\/www.miravila.com\/hu\/wp-json\/wp\/v2\/product_tag?post=38830"}],"curies":[{"name":"wp","href":"https:\/\/api.w.org\/{rel}","templated":true}]}}