{"id":38825,"date":"2024-11-11T16:47:50","date_gmt":"2024-11-12T09:43:45","guid":{"rendered":"https:\/\/www.miravila.com\/product\/csillogo-gomb-105-cm-multi-feher\/"},"modified":"2024-11-13T08:36:52","modified_gmt":"2024-11-13T07:36:52","slug":"csillogo-gomb-105-cm-multi-feher","status":"publish","type":"product","link":"https:\/\/www.miravila.com\/hu\/termek\/csillogo-gomb-105-cm-multi-feher\/","title":{"rendered":"Csillog\u00f3 g\u00f6mb 10,5 cm multi feh\u00e9r"},"content":{"rendered":"","protected":false},"excerpt":{"rendered":"","protected":false},"featured_media":37582,"comment_status":"closed","ping_status":"open","template":"","meta":[],"product_brand":[],"product_cat":[2034,3678],"product_tag":[5080,5079,5074],"class_list":{"0":"post-38825","1":"product","2":"type-product","3":"status-publish","4":"has-post-thumbnail","6":"product_cat-karacsony","7":"product_cat-ujevi-diszek","8":"product_tag-a-jegtunder-kollekcio","9":"product_tag-candy-shop-kollekcio","10":"product_tag-feher-karacsonyi-kollekcio","11":"pa_barva-feher","12":"pa_velikost-10-hu","13":"pa_velikost-15-hu","14":"pa_velikost-20-hu","16":"first","17":"outofstock","18":"taxable","19":"shipping-taxable","20":"purchasable","21":"product-type-variable","22":"has-default-attributes"},"_links":{"self":[{"href":"https:\/\/www.miravila.com\/hu\/wp-json\/wp\/v2\/product\/38825","targetHints":{"allow":["GET"]}}],"collection":[{"href":"https:\/\/www.miravila.com\/hu\/wp-json\/wp\/v2\/product"}],"about":[{"href":"https:\/\/www.miravila.com\/hu\/wp-json\/wp\/v2\/types\/product"}],"replies":[{"embeddable":true,"href":"https:\/\/www.miravila.com\/hu\/wp-json\/wp\/v2\/comments?post=38825"}],"wp:featuredmedia":[{"embeddable":true,"href":"https:\/\/www.miravila.com\/hu\/wp-json\/wp\/v2\/media\/37582"}],"wp:attachment":[{"href":"https:\/\/www.miravila.com\/hu\/wp-json\/wp\/v2\/media?parent=38825"}],"wp:term":[{"taxonomy":"product_brand","embeddable":true,"href":"https:\/\/www.miravila.com\/hu\/wp-json\/wp\/v2\/product_brand?post=38825"},{"taxonomy":"product_cat","embeddable":true,"href":"https:\/\/www.miravila.com\/hu\/wp-json\/wp\/v2\/product_cat?post=38825"},{"taxonomy":"product_tag","embeddable":true,"href":"https:\/\/www.miravila.com\/hu\/wp-json\/wp\/v2\/product_tag?post=38825"}],"curies":[{"name":"wp","href":"https:\/\/api.w.org\/{rel}","templated":true}]}}