{"id":38824,"date":"2024-11-11T16:46:35","date_gmt":"2024-11-12T09:43:45","guid":{"rendered":"https:\/\/www.miravila.com\/product\/kor-uveg-feher-agakkal-d-8-cm-feher\/"},"modified":"2024-11-13T08:37:21","modified_gmt":"2024-11-13T07:37:21","slug":"kor-uveg-feher-agakkal-d-8-cm-feher","status":"publish","type":"product","link":"https:\/\/www.miravila.com\/hu\/termek\/kor-uveg-feher-agakkal-d-8-cm-feher\/","title":{"rendered":"K\u00f6r \u00fcveg feh\u00e9r \u00e1gakkal d-8 cm feh\u00e9r"},"content":{"rendered":"","protected":false},"excerpt":{"rendered":"","protected":false},"featured_media":37452,"comment_status":"closed","ping_status":"open","template":"","meta":[],"product_brand":[],"product_cat":[2034,3678],"product_tag":[5080,5068,5078,5074],"class_list":{"0":"post-38824","1":"product","2":"type-product","3":"status-publish","4":"has-post-thumbnail","6":"product_cat-karacsony","7":"product_cat-ujevi-diszek","8":"product_tag-a-jegtunder-kollekcio","9":"product_tag-a-kiralyi-palota-gyujtemenye","10":"product_tag-candy-cane-gyujtemeny","11":"product_tag-feher-karacsonyi-kollekcio","12":"pa_barva-feher","13":"pa_velikost-8-hu","15":"first","16":"outofstock","17":"taxable","18":"shipping-taxable","19":"purchasable","20":"product-type-simple"},"_links":{"self":[{"href":"https:\/\/www.miravila.com\/hu\/wp-json\/wp\/v2\/product\/38824","targetHints":{"allow":["GET"]}}],"collection":[{"href":"https:\/\/www.miravila.com\/hu\/wp-json\/wp\/v2\/product"}],"about":[{"href":"https:\/\/www.miravila.com\/hu\/wp-json\/wp\/v2\/types\/product"}],"replies":[{"embeddable":true,"href":"https:\/\/www.miravila.com\/hu\/wp-json\/wp\/v2\/comments?post=38824"}],"wp:featuredmedia":[{"embeddable":true,"href":"https:\/\/www.miravila.com\/hu\/wp-json\/wp\/v2\/media\/37452"}],"wp:attachment":[{"href":"https:\/\/www.miravila.com\/hu\/wp-json\/wp\/v2\/media?parent=38824"}],"wp:term":[{"taxonomy":"product_brand","embeddable":true,"href":"https:\/\/www.miravila.com\/hu\/wp-json\/wp\/v2\/product_brand?post=38824"},{"taxonomy":"product_cat","embeddable":true,"href":"https:\/\/www.miravila.com\/hu\/wp-json\/wp\/v2\/product_cat?post=38824"},{"taxonomy":"product_tag","embeddable":true,"href":"https:\/\/www.miravila.com\/hu\/wp-json\/wp\/v2\/product_tag?post=38824"}],"curies":[{"name":"wp","href":"https:\/\/api.w.org\/{rel}","templated":true}]}}