{"id":35915,"date":"2024-11-10T14:04:07","date_gmt":"2024-11-11T13:20:37","guid":{"rendered":"https:\/\/www.miravila.com\/product\/karacsonyi-csillag-virag-osszehuzo-d-16-cm-kek\/"},"modified":"2024-11-13T08:41:42","modified_gmt":"2024-11-13T07:41:42","slug":"karacsonyi-csillag-virag-osszehuzo-d-16-cm-kek","status":"publish","type":"product","link":"https:\/\/www.miravila.com\/hu\/termek\/karacsonyi-csillag-virag-osszehuzo-d-16-cm-kek\/","title":{"rendered":"Kar\u00e1csonyi Csillag Vir\u00e1g\/\u00d6sszeh\u00faz\u00f3 D-16 Cm K\u00e9k"},"content":{"rendered":"","protected":false},"excerpt":{"rendered":"","protected":false},"featured_media":35339,"comment_status":"closed","ping_status":"open","template":"","meta":[],"product_brand":[],"product_cat":[2034,4917],"product_tag":[5066],"class_list":{"0":"post-35915","1":"product","2":"type-product","3":"status-publish","4":"has-post-thumbnail","6":"product_cat-karacsony","7":"product_cat-ujevi-viragok","8":"product_tag-a-polar-night-kollekcio","9":"pa_barva-kek","10":"pa_velikost-16-hu","12":"first","13":"instock","14":"taxable","15":"shipping-taxable","16":"purchasable","17":"product-type-simple"},"_links":{"self":[{"href":"https:\/\/www.miravila.com\/hu\/wp-json\/wp\/v2\/product\/35915","targetHints":{"allow":["GET"]}}],"collection":[{"href":"https:\/\/www.miravila.com\/hu\/wp-json\/wp\/v2\/product"}],"about":[{"href":"https:\/\/www.miravila.com\/hu\/wp-json\/wp\/v2\/types\/product"}],"replies":[{"embeddable":true,"href":"https:\/\/www.miravila.com\/hu\/wp-json\/wp\/v2\/comments?post=35915"}],"wp:featuredmedia":[{"embeddable":true,"href":"https:\/\/www.miravila.com\/hu\/wp-json\/wp\/v2\/media\/35339"}],"wp:attachment":[{"href":"https:\/\/www.miravila.com\/hu\/wp-json\/wp\/v2\/media?parent=35915"}],"wp:term":[{"taxonomy":"product_brand","embeddable":true,"href":"https:\/\/www.miravila.com\/hu\/wp-json\/wp\/v2\/product_brand?post=35915"},{"taxonomy":"product_cat","embeddable":true,"href":"https:\/\/www.miravila.com\/hu\/wp-json\/wp\/v2\/product_cat?post=35915"},{"taxonomy":"product_tag","embeddable":true,"href":"https:\/\/www.miravila.com\/hu\/wp-json\/wp\/v2\/product_tag?post=35915"}],"curies":[{"name":"wp","href":"https:\/\/api.w.org\/{rel}","templated":true}]}}