{"id":35896,"date":"2024-11-10T14:03:37","date_gmt":"2024-11-11T13:20:23","guid":{"rendered":"https:\/\/www.miravila.com\/product\/nandina-pailletes-vagas-h-83-cm-barna\/"},"modified":"2024-11-13T08:41:48","modified_gmt":"2024-11-13T07:41:48","slug":"nandina-pailletes-vagas-h-83-cm-barna","status":"publish","type":"product","link":"https:\/\/www.miravila.com\/hu\/termek\/nandina-pailletes-vagas-h-83-cm-barna\/","title":{"rendered":"Nandina Pailletes V\u00e1g\u00e1s H-83 Cm Barna"},"content":{"rendered":"","protected":false},"excerpt":{"rendered":"<p>El\u00e1gaz\u00f3 \u00e1ga s\u00f6t\u00e9t arany sz\u00edn\u0171, csillog\u00f3 sz\u00f3r\u00e1ssal.<\/p>\n","protected":false},"featured_media":35244,"comment_status":"closed","ping_status":"open","template":"","meta":[],"product_brand":[],"product_cat":[2034,4917],"product_tag":[5072,5065],"class_list":{"0":"post-35896","1":"product","2":"type-product","3":"status-publish","4":"has-post-thumbnail","6":"product_cat-karacsony","7":"product_cat-ujevi-viragok","8":"product_tag-adventi-puncs-kollekcio","9":"product_tag-rozsaszin-kollekcio","10":"pa_velikost-83-cm-hu","12":"first","13":"outofstock","14":"taxable","15":"shipping-taxable","16":"purchasable","17":"product-type-simple"},"_links":{"self":[{"href":"https:\/\/www.miravila.com\/hu\/wp-json\/wp\/v2\/product\/35896","targetHints":{"allow":["GET"]}}],"collection":[{"href":"https:\/\/www.miravila.com\/hu\/wp-json\/wp\/v2\/product"}],"about":[{"href":"https:\/\/www.miravila.com\/hu\/wp-json\/wp\/v2\/types\/product"}],"replies":[{"embeddable":true,"href":"https:\/\/www.miravila.com\/hu\/wp-json\/wp\/v2\/comments?post=35896"}],"wp:featuredmedia":[{"embeddable":true,"href":"https:\/\/www.miravila.com\/hu\/wp-json\/wp\/v2\/media\/35244"}],"wp:attachment":[{"href":"https:\/\/www.miravila.com\/hu\/wp-json\/wp\/v2\/media?parent=35896"}],"wp:term":[{"taxonomy":"product_brand","embeddable":true,"href":"https:\/\/www.miravila.com\/hu\/wp-json\/wp\/v2\/product_brand?post=35896"},{"taxonomy":"product_cat","embeddable":true,"href":"https:\/\/www.miravila.com\/hu\/wp-json\/wp\/v2\/product_cat?post=35896"},{"taxonomy":"product_tag","embeddable":true,"href":"https:\/\/www.miravila.com\/hu\/wp-json\/wp\/v2\/product_tag?post=35896"}],"curies":[{"name":"wp","href":"https:\/\/api.w.org\/{rel}","templated":true}]}}