{"id":35879,"date":"2024-11-10T14:03:08","date_gmt":"2024-11-11T13:20:09","guid":{"rendered":"https:\/\/www.miravila.com\/product\/praprot-lush-csokor-h-40-cm-arany\/"},"modified":"2024-11-13T08:41:55","modified_gmt":"2024-11-13T07:41:55","slug":"praprot-lush-csokor-h-40-cm-arany","status":"publish","type":"product","link":"https:\/\/www.miravila.com\/hu\/termek\/praprot-lush-csokor-h-40-cm-arany\/","title":{"rendered":"Praprot Lush Csokor H-40 Cm Arany"},"content":{"rendered":"","protected":false},"excerpt":{"rendered":"<p>Aranysz\u00edn\u0171, f\u00e9mes megjelen\u00e9s\u0171 p\u00e1fr\u00e1ny a boltban.<\/p>\n","protected":false},"featured_media":35159,"comment_status":"closed","ping_status":"open","template":"","meta":[],"product_brand":[],"product_cat":[2034,4917],"product_tag":[],"class_list":{"0":"post-35879","1":"product","2":"type-product","3":"status-publish","4":"has-post-thumbnail","6":"product_cat-karacsony","7":"product_cat-ujevi-viragok","8":"pa_velikost-40-hu","10":"first","11":"outofstock","12":"taxable","13":"shipping-taxable","14":"purchasable","15":"product-type-simple"},"_links":{"self":[{"href":"https:\/\/www.miravila.com\/hu\/wp-json\/wp\/v2\/product\/35879","targetHints":{"allow":["GET"]}}],"collection":[{"href":"https:\/\/www.miravila.com\/hu\/wp-json\/wp\/v2\/product"}],"about":[{"href":"https:\/\/www.miravila.com\/hu\/wp-json\/wp\/v2\/types\/product"}],"replies":[{"embeddable":true,"href":"https:\/\/www.miravila.com\/hu\/wp-json\/wp\/v2\/comments?post=35879"}],"wp:featuredmedia":[{"embeddable":true,"href":"https:\/\/www.miravila.com\/hu\/wp-json\/wp\/v2\/media\/35159"}],"wp:attachment":[{"href":"https:\/\/www.miravila.com\/hu\/wp-json\/wp\/v2\/media?parent=35879"}],"wp:term":[{"taxonomy":"product_brand","embeddable":true,"href":"https:\/\/www.miravila.com\/hu\/wp-json\/wp\/v2\/product_brand?post=35879"},{"taxonomy":"product_cat","embeddable":true,"href":"https:\/\/www.miravila.com\/hu\/wp-json\/wp\/v2\/product_cat?post=35879"},{"taxonomy":"product_tag","embeddable":true,"href":"https:\/\/www.miravila.com\/hu\/wp-json\/wp\/v2\/product_tag?post=35879"}],"curies":[{"name":"wp","href":"https:\/\/api.w.org\/{rel}","templated":true}]}}