{"id":35867,"date":"2024-11-10T14:03:08","date_gmt":"2024-11-11T13:20:09","guid":{"rendered":"https:\/\/www.miravila.com\/product\/karacsonyi-csillag-bell-ag-74-cm-sarga-arany\/"},"modified":"2024-11-13T08:41:52","modified_gmt":"2024-11-13T07:41:52","slug":"karacsonyi-csillag-bell-ag-74-cm-sarga-arany","status":"publish","type":"product","link":"https:\/\/www.miravila.com\/hu\/termek\/karacsonyi-csillag-bell-ag-74-cm-sarga-arany\/","title":{"rendered":"Kar\u00e1csonyi Csillag Bell \u00c1g 74 Cm S\u00e1rga-Arany"},"content":{"rendered":"","protected":false},"excerpt":{"rendered":"<p>A kar\u00e1csonyi csillag vir\u00e1ga s\u00e1rga-arany sz\u00ednben a sz\u00e1ron.<\/p>\n","protected":false},"featured_media":35099,"comment_status":"closed","ping_status":"open","template":"","meta":[],"product_brand":[],"product_cat":[2034,4917],"product_tag":[5068,5070],"class_list":{"0":"post-35867","1":"product","2":"type-product","3":"status-publish","4":"has-post-thumbnail","6":"product_cat-karacsony","7":"product_cat-ujevi-viragok","8":"product_tag-a-kiralyi-palota-gyujtemenye","9":"product_tag-green-elegance-kollekcio","10":"pa_velikost-74-cm-hu","12":"first","13":"outofstock","14":"taxable","15":"shipping-taxable","16":"purchasable","17":"product-type-simple"},"_links":{"self":[{"href":"https:\/\/www.miravila.com\/hu\/wp-json\/wp\/v2\/product\/35867","targetHints":{"allow":["GET"]}}],"collection":[{"href":"https:\/\/www.miravila.com\/hu\/wp-json\/wp\/v2\/product"}],"about":[{"href":"https:\/\/www.miravila.com\/hu\/wp-json\/wp\/v2\/types\/product"}],"replies":[{"embeddable":true,"href":"https:\/\/www.miravila.com\/hu\/wp-json\/wp\/v2\/comments?post=35867"}],"wp:featuredmedia":[{"embeddable":true,"href":"https:\/\/www.miravila.com\/hu\/wp-json\/wp\/v2\/media\/35099"}],"wp:attachment":[{"href":"https:\/\/www.miravila.com\/hu\/wp-json\/wp\/v2\/media?parent=35867"}],"wp:term":[{"taxonomy":"product_brand","embeddable":true,"href":"https:\/\/www.miravila.com\/hu\/wp-json\/wp\/v2\/product_brand?post=35867"},{"taxonomy":"product_cat","embeddable":true,"href":"https:\/\/www.miravila.com\/hu\/wp-json\/wp\/v2\/product_cat?post=35867"},{"taxonomy":"product_tag","embeddable":true,"href":"https:\/\/www.miravila.com\/hu\/wp-json\/wp\/v2\/product_tag?post=35867"}],"curies":[{"name":"wp","href":"https:\/\/api.w.org\/{rel}","templated":true}]}}