{"id":35850,"date":"2024-11-10T14:01:36","date_gmt":"2024-11-11T13:19:55","guid":{"rendered":"https:\/\/www.miravila.com\/product\/magnolia-virag-barsonyos-pik-d-23-cm-bezs\/"},"modified":"2024-11-13T08:42:25","modified_gmt":"2024-11-13T07:42:25","slug":"magnolia-virag-barsonyos-pik-d-23-cm-bezs","status":"publish","type":"product","link":"https:\/\/www.miravila.com\/hu\/termek\/magnolia-virag-barsonyos-pik-d-23-cm-bezs\/","title":{"rendered":"Magn\u00f3lia Vir\u00e1g B\u00e1rsonyos Pik D-23 Cm B\u00e9zs"},"content":{"rendered":"","protected":false},"excerpt":{"rendered":"","protected":false},"featured_media":34969,"comment_status":"closed","ping_status":"open","template":"","meta":[],"product_brand":[],"product_cat":[2034,4917],"product_tag":[5068,5066,5070,5077],"class_list":{"0":"post-35850","1":"product","2":"type-product","3":"status-publish","4":"has-post-thumbnail","6":"product_cat-karacsony","7":"product_cat-ujevi-viragok","8":"product_tag-a-kiralyi-palota-gyujtemenye","9":"product_tag-a-polar-night-kollekcio","10":"product_tag-green-elegance-kollekcio","11":"product_tag-hollywood-glamour-kollekcio","12":"pa_barva-arany","13":"pa_velikost-23-cm-hu","15":"first","16":"instock","17":"taxable","18":"shipping-taxable","19":"purchasable","20":"product-type-simple"},"_links":{"self":[{"href":"https:\/\/www.miravila.com\/hu\/wp-json\/wp\/v2\/product\/35850","targetHints":{"allow":["GET"]}}],"collection":[{"href":"https:\/\/www.miravila.com\/hu\/wp-json\/wp\/v2\/product"}],"about":[{"href":"https:\/\/www.miravila.com\/hu\/wp-json\/wp\/v2\/types\/product"}],"replies":[{"embeddable":true,"href":"https:\/\/www.miravila.com\/hu\/wp-json\/wp\/v2\/comments?post=35850"}],"wp:featuredmedia":[{"embeddable":true,"href":"https:\/\/www.miravila.com\/hu\/wp-json\/wp\/v2\/media\/34969"}],"wp:attachment":[{"href":"https:\/\/www.miravila.com\/hu\/wp-json\/wp\/v2\/media?parent=35850"}],"wp:term":[{"taxonomy":"product_brand","embeddable":true,"href":"https:\/\/www.miravila.com\/hu\/wp-json\/wp\/v2\/product_brand?post=35850"},{"taxonomy":"product_cat","embeddable":true,"href":"https:\/\/www.miravila.com\/hu\/wp-json\/wp\/v2\/product_cat?post=35850"},{"taxonomy":"product_tag","embeddable":true,"href":"https:\/\/www.miravila.com\/hu\/wp-json\/wp\/v2\/product_tag?post=35850"}],"curies":[{"name":"wp","href":"https:\/\/api.w.org\/{rel}","templated":true}]}}