{"id":35849,"date":"2024-11-10T14:01:36","date_gmt":"2024-11-11T13:19:55","guid":{"rendered":"https:\/\/www.miravila.com\/product\/magnolia-virag-barsony-pik-d-23-cm-arany\/"},"modified":"2025-11-30T11:59:37","modified_gmt":"2025-11-30T10:59:37","slug":"magnolia-virag-barsony-pik-d-23-cm-arany","status":"publish","type":"product","link":"https:\/\/www.miravila.com\/hu\/termek\/magnolia-virag-barsony-pik-d-23-cm-arany\/","title":{"rendered":"Magn\u00f3lia Vir\u00e1g B\u00e1rsony Pik D-23 Cm Arany"},"content":{"rendered":"","protected":false},"excerpt":{"rendered":"","protected":false},"featured_media":34960,"comment_status":"closed","ping_status":"open","template":"","meta":[],"product_brand":[],"product_cat":[2034,4917],"product_tag":[5068,5070,5077,5075],"class_list":{"0":"post-35849","1":"product","2":"type-product","3":"status-publish","4":"has-post-thumbnail","6":"product_cat-karacsony","7":"product_cat-ujevi-viragok","8":"product_tag-a-kiralyi-palota-gyujtemenye","9":"product_tag-green-elegance-kollekcio","10":"product_tag-hollywood-glamour-kollekcio","11":"product_tag-karacsonyi-otthoni-kollekcio","12":"pa_barva-arany","13":"pa_velikost-23-cm-hu","15":"first","16":"instock","17":"taxable","18":"shipping-taxable","19":"purchasable","20":"product-type-simple"},"_links":{"self":[{"href":"https:\/\/www.miravila.com\/hu\/wp-json\/wp\/v2\/product\/35849","targetHints":{"allow":["GET"]}}],"collection":[{"href":"https:\/\/www.miravila.com\/hu\/wp-json\/wp\/v2\/product"}],"about":[{"href":"https:\/\/www.miravila.com\/hu\/wp-json\/wp\/v2\/types\/product"}],"replies":[{"embeddable":true,"href":"https:\/\/www.miravila.com\/hu\/wp-json\/wp\/v2\/comments?post=35849"}],"wp:featuredmedia":[{"embeddable":true,"href":"https:\/\/www.miravila.com\/hu\/wp-json\/wp\/v2\/media\/34960"}],"wp:attachment":[{"href":"https:\/\/www.miravila.com\/hu\/wp-json\/wp\/v2\/media?parent=35849"}],"wp:term":[{"taxonomy":"product_brand","embeddable":true,"href":"https:\/\/www.miravila.com\/hu\/wp-json\/wp\/v2\/product_brand?post=35849"},{"taxonomy":"product_cat","embeddable":true,"href":"https:\/\/www.miravila.com\/hu\/wp-json\/wp\/v2\/product_cat?post=35849"},{"taxonomy":"product_tag","embeddable":true,"href":"https:\/\/www.miravila.com\/hu\/wp-json\/wp\/v2\/product_tag?post=35849"}],"curies":[{"name":"wp","href":"https:\/\/api.w.org\/{rel}","templated":true}]}}