{"id":35832,"date":"2024-11-10T14:00:28","date_gmt":"2024-11-11T13:19:41","guid":{"rendered":"https:\/\/www.miravila.com\/product\/nandina-pailletes-veja-h-83-cm-arany\/"},"modified":"2024-11-13T08:42:52","modified_gmt":"2024-11-13T07:42:52","slug":"nandina-pailletes-veja-h-83-cm-arany","status":"publish","type":"product","link":"https:\/\/www.miravila.com\/hu\/termek\/nandina-pailletes-veja-h-83-cm-arany\/","title":{"rendered":"Nandina Pailletes Veja H-83 Cm Arany"},"content":{"rendered":"","protected":false},"excerpt":{"rendered":"<p>\u00daj\u00e9vi d\u00edsz NANDINA PAILLETES \u00c1G H-83 CM ARANY<\/p>\n","protected":false},"featured_media":34871,"comment_status":"closed","ping_status":"open","template":"","meta":[],"product_brand":[],"product_cat":[2034,4917],"product_tag":[],"class_list":{"0":"post-35832","1":"product","2":"type-product","3":"status-publish","4":"has-post-thumbnail","6":"product_cat-karacsony","7":"product_cat-ujevi-viragok","8":"pa_barva-arany","9":"pa_velikost-83-cm-hu","11":"first","12":"outofstock","13":"taxable","14":"shipping-taxable","15":"purchasable","16":"product-type-simple"},"_links":{"self":[{"href":"https:\/\/www.miravila.com\/hu\/wp-json\/wp\/v2\/product\/35832","targetHints":{"allow":["GET"]}}],"collection":[{"href":"https:\/\/www.miravila.com\/hu\/wp-json\/wp\/v2\/product"}],"about":[{"href":"https:\/\/www.miravila.com\/hu\/wp-json\/wp\/v2\/types\/product"}],"replies":[{"embeddable":true,"href":"https:\/\/www.miravila.com\/hu\/wp-json\/wp\/v2\/comments?post=35832"}],"wp:featuredmedia":[{"embeddable":true,"href":"https:\/\/www.miravila.com\/hu\/wp-json\/wp\/v2\/media\/34871"}],"wp:attachment":[{"href":"https:\/\/www.miravila.com\/hu\/wp-json\/wp\/v2\/media?parent=35832"}],"wp:term":[{"taxonomy":"product_brand","embeddable":true,"href":"https:\/\/www.miravila.com\/hu\/wp-json\/wp\/v2\/product_brand?post=35832"},{"taxonomy":"product_cat","embeddable":true,"href":"https:\/\/www.miravila.com\/hu\/wp-json\/wp\/v2\/product_cat?post=35832"},{"taxonomy":"product_tag","embeddable":true,"href":"https:\/\/www.miravila.com\/hu\/wp-json\/wp\/v2\/product_tag?post=35832"}],"curies":[{"name":"wp","href":"https:\/\/api.w.org\/{rel}","templated":true}]}}