{"id":35825,"date":"2024-11-10T14:00:28","date_gmt":"2024-11-11T13:19:41","guid":{"rendered":"https:\/\/www.miravila.com\/product\/liana-glitter-veja-x-3-h-120-cm-turkiz\/"},"modified":"2024-11-13T08:42:49","modified_gmt":"2024-11-13T07:42:49","slug":"liana-glitter-veja-x-3-h-120-cm-turkiz","status":"publish","type":"product","link":"https:\/\/www.miravila.com\/hu\/termek\/liana-glitter-veja-x-3-h-120-cm-turkiz\/","title":{"rendered":"Liana Glitter Veja X 3 H-120 Cm T\u00fcrkiz"},"content":{"rendered":"","protected":false},"excerpt":{"rendered":"<p>\u00daj\u00e9vi d\u00edsz LIANA GLITTER \u00c1G X 3 H-120 CM T\u00dcRKIZ<\/p>\n","protected":false},"featured_media":34836,"comment_status":"closed","ping_status":"open","template":"","meta":[],"product_brand":[],"product_cat":[2034,3678,4917],"product_tag":[5073],"class_list":{"0":"post-35825","1":"product","2":"type-product","3":"status-publish","4":"has-post-thumbnail","6":"product_cat-karacsony","7":"product_cat-ujevi-diszek","8":"product_cat-ujevi-viragok","9":"product_tag-adventi-frissesseg-kollekcio","10":"pa_barva-zold","11":"pa_velikost-120-cm-hu","13":"first","14":"instock","15":"taxable","16":"shipping-taxable","17":"purchasable","18":"product-type-simple"},"_links":{"self":[{"href":"https:\/\/www.miravila.com\/hu\/wp-json\/wp\/v2\/product\/35825","targetHints":{"allow":["GET"]}}],"collection":[{"href":"https:\/\/www.miravila.com\/hu\/wp-json\/wp\/v2\/product"}],"about":[{"href":"https:\/\/www.miravila.com\/hu\/wp-json\/wp\/v2\/types\/product"}],"replies":[{"embeddable":true,"href":"https:\/\/www.miravila.com\/hu\/wp-json\/wp\/v2\/comments?post=35825"}],"wp:featuredmedia":[{"embeddable":true,"href":"https:\/\/www.miravila.com\/hu\/wp-json\/wp\/v2\/media\/34836"}],"wp:attachment":[{"href":"https:\/\/www.miravila.com\/hu\/wp-json\/wp\/v2\/media?parent=35825"}],"wp:term":[{"taxonomy":"product_brand","embeddable":true,"href":"https:\/\/www.miravila.com\/hu\/wp-json\/wp\/v2\/product_brand?post=35825"},{"taxonomy":"product_cat","embeddable":true,"href":"https:\/\/www.miravila.com\/hu\/wp-json\/wp\/v2\/product_cat?post=35825"},{"taxonomy":"product_tag","embeddable":true,"href":"https:\/\/www.miravila.com\/hu\/wp-json\/wp\/v2\/product_tag?post=35825"}],"curies":[{"name":"wp","href":"https:\/\/api.w.org\/{rel}","templated":true}]}}