{"id":35809,"date":"2024-11-10T14:02:38","date_gmt":"2024-11-11T13:19:27","guid":{"rendered":"https:\/\/www.miravila.com\/product\/corallo-bell-veja-glitter-h-48-cm-piros-2\/"},"modified":"2024-11-13T08:42:15","modified_gmt":"2024-11-13T07:42:15","slug":"corallo-bell-veja-glitter-h-48-cm-piros-2","status":"publish","type":"product","link":"https:\/\/www.miravila.com\/hu\/termek\/corallo-bell-veja-glitter-h-48-cm-piros-2\/","title":{"rendered":"Corallo Bell Veja Glitter H-48 Cm Piros"},"content":{"rendered":"","protected":false},"excerpt":{"rendered":"<p>Piros csillog\u00f3 \u00e1g, amely korallra hasonl\u00edt.<\/p>\n","protected":false},"featured_media":35034,"comment_status":"closed","ping_status":"open","template":"","meta":[],"product_brand":[],"product_cat":[2034,4917],"product_tag":[],"class_list":{"0":"post-35809","1":"product","2":"type-product","3":"status-publish","4":"has-post-thumbnail","6":"product_cat-karacsony","7":"product_cat-ujevi-viragok","8":"pa_barva-piros","9":"pa_velikost-48-cm-hu","11":"first","12":"outofstock","13":"taxable","14":"shipping-taxable","15":"purchasable","16":"product-type-simple"},"_links":{"self":[{"href":"https:\/\/www.miravila.com\/hu\/wp-json\/wp\/v2\/product\/35809","targetHints":{"allow":["GET"]}}],"collection":[{"href":"https:\/\/www.miravila.com\/hu\/wp-json\/wp\/v2\/product"}],"about":[{"href":"https:\/\/www.miravila.com\/hu\/wp-json\/wp\/v2\/types\/product"}],"replies":[{"embeddable":true,"href":"https:\/\/www.miravila.com\/hu\/wp-json\/wp\/v2\/comments?post=35809"}],"wp:featuredmedia":[{"embeddable":true,"href":"https:\/\/www.miravila.com\/hu\/wp-json\/wp\/v2\/media\/35034"}],"wp:attachment":[{"href":"https:\/\/www.miravila.com\/hu\/wp-json\/wp\/v2\/media?parent=35809"}],"wp:term":[{"taxonomy":"product_brand","embeddable":true,"href":"https:\/\/www.miravila.com\/hu\/wp-json\/wp\/v2\/product_brand?post=35809"},{"taxonomy":"product_cat","embeddable":true,"href":"https:\/\/www.miravila.com\/hu\/wp-json\/wp\/v2\/product_cat?post=35809"},{"taxonomy":"product_tag","embeddable":true,"href":"https:\/\/www.miravila.com\/hu\/wp-json\/wp\/v2\/product_tag?post=35809"}],"curies":[{"name":"wp","href":"https:\/\/api.w.org\/{rel}","templated":true}]}}