{"id":35803,"date":"2024-11-10T14:01:36","date_gmt":"2024-11-11T13:19:14","guid":{"rendered":"https:\/\/www.miravila.com\/product\/karacsonyi-csillag-bell-ag-h-48-cm-piros\/"},"modified":"2024-11-13T08:42:18","modified_gmt":"2024-11-13T07:42:18","slug":"karacsonyi-csillag-bell-ag-h-48-cm-piros","status":"publish","type":"product","link":"https:\/\/www.miravila.com\/hu\/termek\/karacsonyi-csillag-bell-ag-h-48-cm-piros\/","title":{"rendered":"Kar\u00e1csonyi Csillag Bell \u00c1g H-48 Cm Piros"},"content":{"rendered":"","protected":false},"excerpt":{"rendered":"<p>Vir\u00e1gz\u00f3 kar\u00e1csonyi csillag piros sz\u00ednben hosszabb sz\u00e1ron.<\/p>\n","protected":false},"featured_media":34979,"comment_status":"closed","ping_status":"open","template":"","meta":[],"product_brand":[],"product_cat":[2034,4917],"product_tag":[],"class_list":{"0":"post-35803","1":"product","2":"type-product","3":"status-publish","4":"has-post-thumbnail","6":"product_cat-karacsony","7":"product_cat-ujevi-viragok","8":"pa_barva-piros","9":"pa_velikost-48-cm-hu","11":"first","12":"outofstock","13":"taxable","14":"shipping-taxable","15":"purchasable","16":"product-type-simple"},"_links":{"self":[{"href":"https:\/\/www.miravila.com\/hu\/wp-json\/wp\/v2\/product\/35803","targetHints":{"allow":["GET"]}}],"collection":[{"href":"https:\/\/www.miravila.com\/hu\/wp-json\/wp\/v2\/product"}],"about":[{"href":"https:\/\/www.miravila.com\/hu\/wp-json\/wp\/v2\/types\/product"}],"replies":[{"embeddable":true,"href":"https:\/\/www.miravila.com\/hu\/wp-json\/wp\/v2\/comments?post=35803"}],"wp:featuredmedia":[{"embeddable":true,"href":"https:\/\/www.miravila.com\/hu\/wp-json\/wp\/v2\/media\/34979"}],"wp:attachment":[{"href":"https:\/\/www.miravila.com\/hu\/wp-json\/wp\/v2\/media?parent=35803"}],"wp:term":[{"taxonomy":"product_brand","embeddable":true,"href":"https:\/\/www.miravila.com\/hu\/wp-json\/wp\/v2\/product_brand?post=35803"},{"taxonomy":"product_cat","embeddable":true,"href":"https:\/\/www.miravila.com\/hu\/wp-json\/wp\/v2\/product_cat?post=35803"},{"taxonomy":"product_tag","embeddable":true,"href":"https:\/\/www.miravila.com\/hu\/wp-json\/wp\/v2\/product_tag?post=35803"}],"curies":[{"name":"wp","href":"https:\/\/api.w.org\/{rel}","templated":true}]}}