{"id":35793,"date":"2024-11-10T13:59:13","date_gmt":"2024-11-11T13:19:14","guid":{"rendered":"https:\/\/www.miravila.com\/product\/corallo-glitter-veja-h-40-cm-piros\/"},"modified":"2024-11-13T08:42:55","modified_gmt":"2024-11-13T07:42:55","slug":"corallo-glitter-veja-h-40-cm-piros","status":"publish","type":"product","link":"https:\/\/www.miravila.com\/hu\/termek\/corallo-glitter-veja-h-40-cm-piros\/","title":{"rendered":"Corallo Glitter Veja H-40 Cm Piros"},"content":{"rendered":"","protected":false},"excerpt":{"rendered":"<p>\u00daj\u00e9vi d\u00edsz CORALLO GLITTER VEJA H-40 CM PIROS<\/p>\n","protected":false},"featured_media":34703,"comment_status":"closed","ping_status":"open","template":"","meta":[],"product_brand":[],"product_cat":[2034,4917],"product_tag":[5078,5071,5075],"class_list":{"0":"post-35793","1":"product","2":"type-product","3":"status-publish","4":"has-post-thumbnail","6":"product_cat-karacsony","7":"product_cat-ujevi-viragok","8":"product_tag-candy-cane-gyujtemeny","9":"product_tag-gyujtemeny-hagyomanyos-karacsony","10":"product_tag-karacsonyi-otthoni-kollekcio","11":"pa_barva-piros","12":"pa_velikost-40-hu","14":"first","15":"outofstock","16":"taxable","17":"shipping-taxable","18":"purchasable","19":"product-type-simple"},"_links":{"self":[{"href":"https:\/\/www.miravila.com\/hu\/wp-json\/wp\/v2\/product\/35793","targetHints":{"allow":["GET"]}}],"collection":[{"href":"https:\/\/www.miravila.com\/hu\/wp-json\/wp\/v2\/product"}],"about":[{"href":"https:\/\/www.miravila.com\/hu\/wp-json\/wp\/v2\/types\/product"}],"replies":[{"embeddable":true,"href":"https:\/\/www.miravila.com\/hu\/wp-json\/wp\/v2\/comments?post=35793"}],"wp:featuredmedia":[{"embeddable":true,"href":"https:\/\/www.miravila.com\/hu\/wp-json\/wp\/v2\/media\/34703"}],"wp:attachment":[{"href":"https:\/\/www.miravila.com\/hu\/wp-json\/wp\/v2\/media?parent=35793"}],"wp:term":[{"taxonomy":"product_brand","embeddable":true,"href":"https:\/\/www.miravila.com\/hu\/wp-json\/wp\/v2\/product_brand?post=35793"},{"taxonomy":"product_cat","embeddable":true,"href":"https:\/\/www.miravila.com\/hu\/wp-json\/wp\/v2\/product_cat?post=35793"},{"taxonomy":"product_tag","embeddable":true,"href":"https:\/\/www.miravila.com\/hu\/wp-json\/wp\/v2\/product_tag?post=35793"}],"curies":[{"name":"wp","href":"https:\/\/api.w.org\/{rel}","templated":true}]}}