{"id":35781,"date":"2024-11-10T14:02:38","date_gmt":"2024-11-11T13:19:00","guid":{"rendered":"https:\/\/www.miravila.com\/product\/corallo-bell-veja-pailletes-aranypiros-47-cm\/"},"modified":"2024-11-13T08:42:13","modified_gmt":"2024-11-13T07:42:13","slug":"corallo-bell-veja-pailletes-aranypiros-47-cm","status":"publish","type":"product","link":"https:\/\/www.miravila.com\/hu\/termek\/corallo-bell-veja-pailletes-aranypiros-47-cm\/","title":{"rendered":"Corallo Bell Veja Pailletes Arany,Piros 47 Cm"},"content":{"rendered":"","protected":false},"excerpt":{"rendered":"<p>Piros f\u00e9nyl\u0151 \u00e1ga a kor\u00e1lnak.<\/p>\n","protected":false},"featured_media":35004,"comment_status":"closed","ping_status":"open","template":"","meta":[],"product_brand":[],"product_cat":[2034,4917],"product_tag":[],"class_list":{"0":"post-35781","1":"product","2":"type-product","3":"status-publish","4":"has-post-thumbnail","6":"product_cat-karacsony","7":"product_cat-ujevi-viragok","8":"pa_barva-bordo-voros","9":"pa_velikost-47-cm-hu-2","11":"first","12":"outofstock","13":"taxable","14":"shipping-taxable","15":"purchasable","16":"product-type-simple"},"_links":{"self":[{"href":"https:\/\/www.miravila.com\/hu\/wp-json\/wp\/v2\/product\/35781","targetHints":{"allow":["GET"]}}],"collection":[{"href":"https:\/\/www.miravila.com\/hu\/wp-json\/wp\/v2\/product"}],"about":[{"href":"https:\/\/www.miravila.com\/hu\/wp-json\/wp\/v2\/types\/product"}],"replies":[{"embeddable":true,"href":"https:\/\/www.miravila.com\/hu\/wp-json\/wp\/v2\/comments?post=35781"}],"wp:featuredmedia":[{"embeddable":true,"href":"https:\/\/www.miravila.com\/hu\/wp-json\/wp\/v2\/media\/35004"}],"wp:attachment":[{"href":"https:\/\/www.miravila.com\/hu\/wp-json\/wp\/v2\/media?parent=35781"}],"wp:term":[{"taxonomy":"product_brand","embeddable":true,"href":"https:\/\/www.miravila.com\/hu\/wp-json\/wp\/v2\/product_brand?post=35781"},{"taxonomy":"product_cat","embeddable":true,"href":"https:\/\/www.miravila.com\/hu\/wp-json\/wp\/v2\/product_cat?post=35781"},{"taxonomy":"product_tag","embeddable":true,"href":"https:\/\/www.miravila.com\/hu\/wp-json\/wp\/v2\/product_tag?post=35781"}],"curies":[{"name":"wp","href":"https:\/\/api.w.org\/{rel}","templated":true}]}}