{"id":35774,"date":"2024-11-10T13:58:16","date_gmt":"2024-11-11T13:19:00","guid":{"rendered":"https:\/\/www.miravila.com\/product\/liana-glitter-veja-x-3-h-120-cm-feher\/"},"modified":"2024-11-13T08:43:04","modified_gmt":"2024-11-13T07:43:04","slug":"liana-glitter-veja-x-3-h-120-cm-feher","status":"publish","type":"product","link":"https:\/\/www.miravila.com\/hu\/termek\/liana-glitter-veja-x-3-h-120-cm-feher\/","title":{"rendered":"Liana Glitter Veja X 3 H-120 Cm Feh\u00e9r"},"content":{"rendered":"","protected":false},"excerpt":{"rendered":"<p>\u00daj\u00e9vi d\u00edsz LIANA GLITTER \u00c1G X 3 H-120 CM FEH\u00c9R<\/p>\n","protected":false},"featured_media":34622,"comment_status":"closed","ping_status":"open","template":"","meta":[],"product_brand":[],"product_cat":[2034,3678,4917],"product_tag":[5080,5074],"class_list":{"0":"post-35774","1":"product","2":"type-product","3":"status-publish","4":"has-post-thumbnail","6":"product_cat-karacsony","7":"product_cat-ujevi-diszek","8":"product_cat-ujevi-viragok","9":"product_tag-a-jegtunder-kollekcio","10":"product_tag-feher-karacsonyi-kollekcio","11":"pa_barva-feher","12":"pa_velikost-120-cm-hu","14":"first","15":"outofstock","16":"taxable","17":"shipping-taxable","18":"purchasable","19":"product-type-simple"},"_links":{"self":[{"href":"https:\/\/www.miravila.com\/hu\/wp-json\/wp\/v2\/product\/35774","targetHints":{"allow":["GET"]}}],"collection":[{"href":"https:\/\/www.miravila.com\/hu\/wp-json\/wp\/v2\/product"}],"about":[{"href":"https:\/\/www.miravila.com\/hu\/wp-json\/wp\/v2\/types\/product"}],"replies":[{"embeddable":true,"href":"https:\/\/www.miravila.com\/hu\/wp-json\/wp\/v2\/comments?post=35774"}],"wp:featuredmedia":[{"embeddable":true,"href":"https:\/\/www.miravila.com\/hu\/wp-json\/wp\/v2\/media\/34622"}],"wp:attachment":[{"href":"https:\/\/www.miravila.com\/hu\/wp-json\/wp\/v2\/media?parent=35774"}],"wp:term":[{"taxonomy":"product_brand","embeddable":true,"href":"https:\/\/www.miravila.com\/hu\/wp-json\/wp\/v2\/product_brand?post=35774"},{"taxonomy":"product_cat","embeddable":true,"href":"https:\/\/www.miravila.com\/hu\/wp-json\/wp\/v2\/product_cat?post=35774"},{"taxonomy":"product_tag","embeddable":true,"href":"https:\/\/www.miravila.com\/hu\/wp-json\/wp\/v2\/product_tag?post=35774"}],"curies":[{"name":"wp","href":"https:\/\/api.w.org\/{rel}","templated":true}]}}