{"id":35768,"date":"2024-11-10T13:58:16","date_gmt":"2024-11-11T13:19:00","guid":{"rendered":"https:\/\/www.miravila.com\/product\/karacsonyi-csillag-muanyag-klipszel-flitteres-szegellyel\/"},"modified":"2024-11-13T08:43:02","modified_gmt":"2024-11-13T07:43:02","slug":"karacsonyi-csillag-muanyag-klipszel-flitteres-szegellyel","status":"publish","type":"product","link":"https:\/\/www.miravila.com\/hu\/termek\/karacsonyi-csillag-muanyag-klipszel-flitteres-szegellyel\/","title":{"rendered":"Kar\u00e1csonyi Csillag M\u0171anyag Klipszel, Flitteres Szeg\u00e9llyel"},"content":{"rendered":"","protected":false},"excerpt":{"rendered":"<p>A kar\u00e1csonyi csillag poli\u00e9szter hajt\u00f3k\u00e1val, csillog\u00f3 szeg\u00e9llyel a t\u00f6k\u00e9letes kieg\u00e9sz\u00edt\u0151 az \u00fcnnepi szezonra. A csillag magas min\u0151s\u00e9g\u0171 poli\u00e9szterb\u0151l k\u00e9sz\u00fclt, amely tart\u00f3s \u00e9s hossz\u00fa \u00e9lettartam\u00fa. A csillag sz\u00e9lein csill\u00e1mok tal\u00e1lhat\u00f3k, amelyek ragyog\u00e1st \u00e9s \u00fcnnepi megjelen\u00e9st k\u00f6lcs\u00f6n\u00f6znek neki. A csillag h\u00e1toldal\u00e1n tal\u00e1lhat\u00f3 hajt\u00f3ka lehet\u0151v\u00e9 teszi a k\u00f6nny\u0171 r\u00f6gz\u00edt\u00e9st a hajhoz, ruh\u00e1khoz vagy m\u00e1s t\u00e1rgyakhoz. Ez a kar\u00e1csonyi csillag hajt\u00f3k\u00e1val kiv\u00e1l\u00f3 v\u00e1laszt\u00e1s az \u00fcnnepi megjelen\u00e9s feldob\u00e1s\u00e1ra vagy aj\u00e1nd\u00e9knak \u00fcnnep kedvel\u0151inek.<\/p>\n","protected":false},"featured_media":34588,"comment_status":"closed","ping_status":"open","template":"","meta":[],"product_brand":[],"product_cat":[2034,4917],"product_tag":[],"class_list":{"0":"post-35768","1":"product","2":"type-product","3":"status-publish","4":"has-post-thumbnail","6":"product_cat-karacsony","7":"product_cat-ujevi-viragok","8":"pa_barva-feher","9":"pa_velikost-24-cm-hu","11":"first","12":"outofstock","13":"taxable","14":"shipping-taxable","15":"purchasable","16":"product-type-simple"},"_links":{"self":[{"href":"https:\/\/www.miravila.com\/hu\/wp-json\/wp\/v2\/product\/35768","targetHints":{"allow":["GET"]}}],"collection":[{"href":"https:\/\/www.miravila.com\/hu\/wp-json\/wp\/v2\/product"}],"about":[{"href":"https:\/\/www.miravila.com\/hu\/wp-json\/wp\/v2\/types\/product"}],"replies":[{"embeddable":true,"href":"https:\/\/www.miravila.com\/hu\/wp-json\/wp\/v2\/comments?post=35768"}],"wp:featuredmedia":[{"embeddable":true,"href":"https:\/\/www.miravila.com\/hu\/wp-json\/wp\/v2\/media\/34588"}],"wp:attachment":[{"href":"https:\/\/www.miravila.com\/hu\/wp-json\/wp\/v2\/media?parent=35768"}],"wp:term":[{"taxonomy":"product_brand","embeddable":true,"href":"https:\/\/www.miravila.com\/hu\/wp-json\/wp\/v2\/product_brand?post=35768"},{"taxonomy":"product_cat","embeddable":true,"href":"https:\/\/www.miravila.com\/hu\/wp-json\/wp\/v2\/product_cat?post=35768"},{"taxonomy":"product_tag","embeddable":true,"href":"https:\/\/www.miravila.com\/hu\/wp-json\/wp\/v2\/product_tag?post=35768"}],"curies":[{"name":"wp","href":"https:\/\/api.w.org\/{rel}","templated":true}]}}