{"id":35766,"date":"2024-11-10T13:58:16","date_gmt":"2024-11-11T13:19:00","guid":{"rendered":"https:\/\/www.miravila.com\/product\/magnolia-a-polieszter-barsonyon-kivagott-viragszirom\/"},"modified":"2024-11-13T08:43:01","modified_gmt":"2024-11-13T07:43:01","slug":"magnolia-a-polieszter-barsonyon-kivagott-viragszirom","status":"publish","type":"product","link":"https:\/\/www.miravila.com\/hu\/termek\/magnolia-a-polieszter-barsonyon-kivagott-viragszirom\/","title":{"rendered":"Magn\u00f3lia A Poli\u00e9szter B\u00e1rsonyon\/ Kiv\u00e1gott Vir\u00e1gszirom"},"content":{"rendered":"","protected":false},"excerpt":{"rendered":"<p>A magn\u00f3lia csat egy csod\u00e1latos kieg\u00e9sz\u00edt\u0151 a haj\u00e1hoz. Poli\u00e9szter b\u00e1rsonyb\u00f3l k\u00e9sz\u00fclt, \u00e9s kiv\u00e1gott vir\u00e1gszirmai m\u00e9g nagyobb eleganci\u00e1t adnak. Ez a csat minden alkalomra alkalmas, legyen sz\u00f3 h\u00e9tk\u00f6znapi haszn\u00e1latr\u00f3l vagy k\u00fcl\u00f6nleges esem\u00e9nyekr\u0151l. A magn\u00f3lia csat biztosan felh\u00edvja a figyelmet \u00e9s sz\u00ednes\u00edti a frizur\u00e1dat.<\/p>\n","protected":false},"featured_media":34578,"comment_status":"closed","ping_status":"open","template":"","meta":[],"product_brand":[],"product_cat":[2034,4917],"product_tag":[],"class_list":{"0":"post-35766","1":"product","2":"type-product","3":"status-publish","4":"has-post-thumbnail","6":"product_cat-karacsony","7":"product_cat-ujevi-viragok","8":"pa_barva-feher","9":"pa_velikost-26-cm-hu","11":"first","12":"outofstock","13":"taxable","14":"shipping-taxable","15":"purchasable","16":"product-type-simple"},"_links":{"self":[{"href":"https:\/\/www.miravila.com\/hu\/wp-json\/wp\/v2\/product\/35766","targetHints":{"allow":["GET"]}}],"collection":[{"href":"https:\/\/www.miravila.com\/hu\/wp-json\/wp\/v2\/product"}],"about":[{"href":"https:\/\/www.miravila.com\/hu\/wp-json\/wp\/v2\/types\/product"}],"replies":[{"embeddable":true,"href":"https:\/\/www.miravila.com\/hu\/wp-json\/wp\/v2\/comments?post=35766"}],"wp:featuredmedia":[{"embeddable":true,"href":"https:\/\/www.miravila.com\/hu\/wp-json\/wp\/v2\/media\/34578"}],"wp:attachment":[{"href":"https:\/\/www.miravila.com\/hu\/wp-json\/wp\/v2\/media?parent=35766"}],"wp:term":[{"taxonomy":"product_brand","embeddable":true,"href":"https:\/\/www.miravila.com\/hu\/wp-json\/wp\/v2\/product_brand?post=35766"},{"taxonomy":"product_cat","embeddable":true,"href":"https:\/\/www.miravila.com\/hu\/wp-json\/wp\/v2\/product_cat?post=35766"},{"taxonomy":"product_tag","embeddable":true,"href":"https:\/\/www.miravila.com\/hu\/wp-json\/wp\/v2\/product_tag?post=35766"}],"curies":[{"name":"wp","href":"https:\/\/api.w.org\/{rel}","templated":true}]}}