{"id":30903,"date":"2024-10-12T09:16:08","date_gmt":"2024-10-12T08:45:11","guid":{"rendered":"https:\/\/www.miravila.com\/product\/karacsonyfa-mikrolampak-x-9600-150x81x20-cm\/"},"modified":"2024-10-12T10:45:11","modified_gmt":"2024-10-12T08:45:11","slug":"karacsonyfa-mikrolampak-x-9600-150x81x20-cm","status":"publish","type":"product","link":"https:\/\/www.miravila.com\/hu\/karacsonyfa-mikrolampak-x-9600-150x81x20-cm\/","title":{"rendered":"Kar\u00e1csonyfa mikrol\u00e1mp\u00e1k (x 9600, 150x81x20 cm)"},"content":{"rendered":"","protected":false},"excerpt":{"rendered":"<p>Mikro LED l\u00e1mp\u00e1kb\u00f3l k\u00e9sz\u00fclt kar\u00e1csonyfa. Magass\u00e1g 150cm. L\u00e1mp\u00e1k sz\u00e1ma 9600. Meleg feh\u00e9r f\u00e9ny. A feny\u0151 v\u00e1za r\u00e9z sz\u00edn\u0171. Lucfeny\u0151 m\u00e9rete 150x81x20cm. 8 villog\u00f3 effektus.      <\/p>\n","protected":false},"featured_media":30685,"comment_status":"closed","ping_status":"closed","template":"","meta":[],"product_brand":[],"product_cat":[2034,4068],"product_tag":[],"class_list":{"0":"post-30903","1":"product","2":"type-product","3":"status-publish","4":"has-post-thumbnail","6":"product_cat-karacsony","7":"product_cat-karacsonyi-fenyek","9":"first","10":"outofstock","11":"taxable","12":"shipping-taxable","13":"purchasable","14":"product-type-simple"},"_links":{"self":[{"href":"https:\/\/www.miravila.com\/hu\/wp-json\/wp\/v2\/product\/30903","targetHints":{"allow":["GET"]}}],"collection":[{"href":"https:\/\/www.miravila.com\/hu\/wp-json\/wp\/v2\/product"}],"about":[{"href":"https:\/\/www.miravila.com\/hu\/wp-json\/wp\/v2\/types\/product"}],"replies":[{"embeddable":true,"href":"https:\/\/www.miravila.com\/hu\/wp-json\/wp\/v2\/comments?post=30903"}],"wp:featuredmedia":[{"embeddable":true,"href":"https:\/\/www.miravila.com\/hu\/wp-json\/wp\/v2\/media\/30685"}],"wp:attachment":[{"href":"https:\/\/www.miravila.com\/hu\/wp-json\/wp\/v2\/media?parent=30903"}],"wp:term":[{"taxonomy":"product_brand","embeddable":true,"href":"https:\/\/www.miravila.com\/hu\/wp-json\/wp\/v2\/product_brand?post=30903"},{"taxonomy":"product_cat","embeddable":true,"href":"https:\/\/www.miravila.com\/hu\/wp-json\/wp\/v2\/product_cat?post=30903"},{"taxonomy":"product_tag","embeddable":true,"href":"https:\/\/www.miravila.com\/hu\/wp-json\/wp\/v2\/product_tag?post=30903"}],"curies":[{"name":"wp","href":"https:\/\/api.w.org\/{rel}","templated":true}]}}