{"id":30887,"date":"2024-10-12T09:16:08","date_gmt":"2024-10-12T08:32:01","guid":{"rendered":"https:\/\/www.miravila.com\/product\/mikro-led-ujevi-fenyek-480x-24m-8-effektus\/"},"modified":"2024-10-12T10:32:01","modified_gmt":"2024-10-12T08:32:01","slug":"mikro-led-ujevi-fenyek-480x-24m-8-effektus","status":"publish","type":"product","link":"https:\/\/www.miravila.com\/hu\/mikro-led-ujevi-fenyek-480x-24m-8-effektus\/","title":{"rendered":"Mikro LED \u00faj\u00e9vi f\u00e9nyek (480x, 24m, 8 effektus)"},"content":{"rendered":"","protected":false},"excerpt":{"rendered":"<p>Kar\u00e1csonyi Micro led l\u00e1mp\u00e1k nyolc villog\u00f3 effektussal. Egy k\u00e9szletben 480 l\u00e1mpa tal\u00e1lhat\u00f3 24 m\u00e9teres k\u00e1belen. Be\u00e1ll\u00edthatja, hogy villogjanak vagy csak \u00e9gjenek. Meleg feh\u00e9r f\u00e9ny. Alkalmas belt\u00e9ri vagy k\u00fclt\u00e9ri haszn\u00e1latra.    <\/p>\n","protected":false},"featured_media":30796,"comment_status":"closed","ping_status":"closed","template":"","meta":[],"product_brand":[],"product_cat":[2034,4068],"product_tag":[],"class_list":{"0":"post-30887","1":"product","2":"type-product","3":"status-publish","4":"has-post-thumbnail","6":"product_cat-karacsony","7":"product_cat-karacsonyi-fenyek","9":"first","10":"outofstock","11":"taxable","12":"shipping-taxable","13":"purchasable","14":"product-type-simple"},"_links":{"self":[{"href":"https:\/\/www.miravila.com\/hu\/wp-json\/wp\/v2\/product\/30887","targetHints":{"allow":["GET"]}}],"collection":[{"href":"https:\/\/www.miravila.com\/hu\/wp-json\/wp\/v2\/product"}],"about":[{"href":"https:\/\/www.miravila.com\/hu\/wp-json\/wp\/v2\/types\/product"}],"replies":[{"embeddable":true,"href":"https:\/\/www.miravila.com\/hu\/wp-json\/wp\/v2\/comments?post=30887"}],"wp:featuredmedia":[{"embeddable":true,"href":"https:\/\/www.miravila.com\/hu\/wp-json\/wp\/v2\/media\/30796"}],"wp:attachment":[{"href":"https:\/\/www.miravila.com\/hu\/wp-json\/wp\/v2\/media?parent=30887"}],"wp:term":[{"taxonomy":"product_brand","embeddable":true,"href":"https:\/\/www.miravila.com\/hu\/wp-json\/wp\/v2\/product_brand?post=30887"},{"taxonomy":"product_cat","embeddable":true,"href":"https:\/\/www.miravila.com\/hu\/wp-json\/wp\/v2\/product_cat?post=30887"},{"taxonomy":"product_tag","embeddable":true,"href":"https:\/\/www.miravila.com\/hu\/wp-json\/wp\/v2\/product_tag?post=30887"}],"curies":[{"name":"wp","href":"https:\/\/api.w.org\/{rel}","templated":true}]}}