{"id":27372,"date":"2023-10-28T09:10:50","date_gmt":"2023-10-28T07:10:50","guid":{"rendered":"https:\/\/www.miravila.com\/product\/golyo-pohar-hogyongy-d-8-cm-feher\/"},"modified":"2024-11-10T22:30:22","modified_gmt":"2024-11-10T21:30:22","slug":"golyo-pohar-hogyongy-d-8-cm-feher","status":"publish","type":"product","link":"https:\/\/www.miravila.com\/hu\/termek\/golyo-pohar-hogyongy-d-8-cm-feher\/","title":{"rendered":"Goly\u00f3 poh\u00e1r h\u00f3gy\u00f6ngy d-8 cm feh\u00e9r"},"content":{"rendered":"","protected":false},"excerpt":{"rendered":"<p>Ez a gy\u00f6ny\u00f6r\u0171 feh\u00e9r \u00fcvegg\u00f6mb, amelynek \u00e1tm\u00e9r\u0151je 8 cm \u00e1tm\u00e9r\u0151j\u0171 h\u00f3gy\u00f6ngy\u00f6k, t\u00f6k\u00e9letes kieg\u00e9sz\u00edt\u0151 a kar\u00e1csonyi dekor\u00e1ci\u00f3hoz. Hagyja, hogy a csillog\u00f3 h\u00f3gy\u00f6ngy\u00f6k lemenjenek a labd\u00e1r\u00f3l, \u00e9s \u00fcnnepi l\u00e9gk\u00f6rt teremtsenek otthon\u00e1ban.<\/p>\n","protected":false},"featured_media":25070,"comment_status":"closed","ping_status":"open","template":"","meta":[],"product_brand":[],"product_cat":[2034,3678],"product_tag":[],"class_list":{"0":"post-27372","1":"product","2":"type-product","3":"status-publish","4":"has-post-thumbnail","6":"product_cat-karacsony","7":"product_cat-ujevi-diszek","8":"pa_barva-feher","9":"pa_material-uveg","10":"pa_visina-8-hu","12":"first","13":"outofstock","14":"taxable","15":"shipping-taxable","16":"purchasable","17":"product-type-simple"},"_links":{"self":[{"href":"https:\/\/www.miravila.com\/hu\/wp-json\/wp\/v2\/product\/27372","targetHints":{"allow":["GET"]}}],"collection":[{"href":"https:\/\/www.miravila.com\/hu\/wp-json\/wp\/v2\/product"}],"about":[{"href":"https:\/\/www.miravila.com\/hu\/wp-json\/wp\/v2\/types\/product"}],"replies":[{"embeddable":true,"href":"https:\/\/www.miravila.com\/hu\/wp-json\/wp\/v2\/comments?post=27372"}],"wp:featuredmedia":[{"embeddable":true,"href":"https:\/\/www.miravila.com\/hu\/wp-json\/wp\/v2\/media\/25070"}],"wp:attachment":[{"href":"https:\/\/www.miravila.com\/hu\/wp-json\/wp\/v2\/media?parent=27372"}],"wp:term":[{"taxonomy":"product_brand","embeddable":true,"href":"https:\/\/www.miravila.com\/hu\/wp-json\/wp\/v2\/product_brand?post=27372"},{"taxonomy":"product_cat","embeddable":true,"href":"https:\/\/www.miravila.com\/hu\/wp-json\/wp\/v2\/product_cat?post=27372"},{"taxonomy":"product_tag","embeddable":true,"href":"https:\/\/www.miravila.com\/hu\/wp-json\/wp\/v2\/product_tag?post=27372"}],"curies":[{"name":"wp","href":"https:\/\/api.w.org\/{rel}","templated":true}]}}