{"id":27359,"date":"2023-10-28T09:10:42","date_gmt":"2023-10-28T07:10:42","guid":{"rendered":"https:\/\/www.miravila.com\/product\/madar-toll-feher-csipeszes-szett-3\/"},"modified":"2023-10-28T09:10:49","modified_gmt":"2023-10-28T07:10:49","slug":"madar-toll-feher-csipeszes-szett-3","status":"publish","type":"product","link":"https:\/\/www.miravila.com\/hu\/termek\/madar-toll-feher-csipeszes-szett-3\/","title":{"rendered":"Mad\u00e1r toll feh\u00e9r\/csipeszes szett 3"},"content":{"rendered":"","protected":false},"excerpt":{"rendered":"<p>A Bird of White\/Pick Set 3 egy csod\u00e1latos kar\u00e1csonyi term\u00e9k, amelyben h\u00e1rom mad\u00e1r alak\u00fa mad\u00e1r tal\u00e1lhat\u00f3, feh\u00e9r tollakkal. Ez a k\u00e9szlet t\u00f6k\u00e9letes kieg\u00e9sz\u00edt\u00e9s a kar\u00e1csonyfa d\u00edsz\u00edt\u00e9s\u00e9hez vagy a kar\u00e1csonyi \u00fcdv\u00f6zlet aj\u00e1nd\u00e9kokhoz val\u00f3 r\u00f6gz\u00edt\u00e9s\u00e9hez. Kiv\u00e1l\u00f3 min\u0151s\u00e9g\u0171 anyagokb\u00f3l k\u00e9sz\u00fcltek, ezek a csipk\u00e9k minden bizonnyal felh\u00edvj\u00e1k a figyelmet, \u00e9s az \u00fcnnepi var\u00e1zst hozz\u00e1adj\u00e1k otthon\u00e1hoz.<\/p>\n","protected":false},"featured_media":25361,"comment_status":"closed","ping_status":"open","template":"","meta":[],"product_brand":[],"product_cat":[2034,3678],"product_tag":[],"class_list":{"0":"post-27359","1":"product","2":"type-product","3":"status-publish","4":"has-post-thumbnail","6":"product_cat-karacsony","7":"product_cat-ujevi-diszek","8":"pa_material-tollak","9":"pa_material-uveg","11":"first","12":"instock","13":"taxable","14":"shipping-taxable","15":"purchasable","16":"product-type-simple"},"_links":{"self":[{"href":"https:\/\/www.miravila.com\/hu\/wp-json\/wp\/v2\/product\/27359","targetHints":{"allow":["GET"]}}],"collection":[{"href":"https:\/\/www.miravila.com\/hu\/wp-json\/wp\/v2\/product"}],"about":[{"href":"https:\/\/www.miravila.com\/hu\/wp-json\/wp\/v2\/types\/product"}],"replies":[{"embeddable":true,"href":"https:\/\/www.miravila.com\/hu\/wp-json\/wp\/v2\/comments?post=27359"}],"wp:featuredmedia":[{"embeddable":true,"href":"https:\/\/www.miravila.com\/hu\/wp-json\/wp\/v2\/media\/25361"}],"wp:attachment":[{"href":"https:\/\/www.miravila.com\/hu\/wp-json\/wp\/v2\/media?parent=27359"}],"wp:term":[{"taxonomy":"product_brand","embeddable":true,"href":"https:\/\/www.miravila.com\/hu\/wp-json\/wp\/v2\/product_brand?post=27359"},{"taxonomy":"product_cat","embeddable":true,"href":"https:\/\/www.miravila.com\/hu\/wp-json\/wp\/v2\/product_cat?post=27359"},{"taxonomy":"product_tag","embeddable":true,"href":"https:\/\/www.miravila.com\/hu\/wp-json\/wp\/v2\/product_tag?post=27359"}],"curies":[{"name":"wp","href":"https:\/\/api.w.org\/{rel}","templated":true}]}}