{"id":27341,"date":"2023-10-28T09:10:42","date_gmt":"2023-10-28T07:10:42","guid":{"rendered":"https:\/\/www.miravila.com\/product\/golyo-fuso-uveg-jeg-h-13-cm\/"},"modified":"2023-10-28T09:10:43","modified_gmt":"2023-10-28T07:10:43","slug":"golyo-fuso-uveg-jeg-h-13-cm","status":"publish","type":"product","link":"https:\/\/www.miravila.com\/hu\/termek\/golyo-fuso-uveg-jeg-h-13-cm\/","title":{"rendered":"Goly\u00f3 fuso \u00fcveg j\u00e9g H-13 cm"},"content":{"rendered":"","protected":false},"excerpt":{"rendered":"<p>A Fuso Ball egy csod\u00e1latos kar\u00e1csonyi dekor\u00e1ci\u00f3, amely egy kis j\u00e9ghivatkoz\u00e1st hoz az otthon\u00e1ba. 13 cm \u00e1tm\u00e9r\u0151j\u00e9vel minden bizonnyal vonzza a kil\u00e1t\u00e1st \u00e9s \u00fcnnepi l\u00e9gk\u00f6rt teremt.<\/p>\n","protected":false},"featured_media":24859,"comment_status":"closed","ping_status":"open","template":"","meta":[],"product_brand":[],"product_cat":[2034,3678],"product_tag":[],"class_list":{"0":"post-27341","1":"product","2":"type-product","3":"status-publish","4":"has-post-thumbnail","6":"product_cat-karacsony","7":"product_cat-ujevi-diszek","8":"pa_material-uveg","9":"pa_visina-13-hu","11":"first","12":"instock","13":"taxable","14":"shipping-taxable","15":"purchasable","16":"product-type-simple"},"_links":{"self":[{"href":"https:\/\/www.miravila.com\/hu\/wp-json\/wp\/v2\/product\/27341","targetHints":{"allow":["GET"]}}],"collection":[{"href":"https:\/\/www.miravila.com\/hu\/wp-json\/wp\/v2\/product"}],"about":[{"href":"https:\/\/www.miravila.com\/hu\/wp-json\/wp\/v2\/types\/product"}],"replies":[{"embeddable":true,"href":"https:\/\/www.miravila.com\/hu\/wp-json\/wp\/v2\/comments?post=27341"}],"wp:featuredmedia":[{"embeddable":true,"href":"https:\/\/www.miravila.com\/hu\/wp-json\/wp\/v2\/media\/24859"}],"wp:attachment":[{"href":"https:\/\/www.miravila.com\/hu\/wp-json\/wp\/v2\/media?parent=27341"}],"wp:term":[{"taxonomy":"product_brand","embeddable":true,"href":"https:\/\/www.miravila.com\/hu\/wp-json\/wp\/v2\/product_brand?post=27341"},{"taxonomy":"product_cat","embeddable":true,"href":"https:\/\/www.miravila.com\/hu\/wp-json\/wp\/v2\/product_cat?post=27341"},{"taxonomy":"product_tag","embeddable":true,"href":"https:\/\/www.miravila.com\/hu\/wp-json\/wp\/v2\/product_tag?post=27341"}],"curies":[{"name":"wp","href":"https:\/\/api.w.org\/{rel}","templated":true}]}}