{"id":27340,"date":"2023-10-28T09:10:42","date_gmt":"2023-10-28T07:10:42","guid":{"rendered":"https:\/\/www.miravila.com\/product\/ball-trottola-glass-ice-10-cm\/"},"modified":"2023-10-28T09:10:43","modified_gmt":"2023-10-28T07:10:43","slug":"ball-trottola-glass-ice-10-cm","status":"publish","type":"product","link":"https:\/\/www.miravila.com\/hu\/termek\/ball-trottola-glass-ice-10-cm\/","title":{"rendered":"Ball Trottola Glass Ice 10 cm"},"content":{"rendered":"","protected":false},"excerpt":{"rendered":"<p>A Jeges 10 cm -es Trottola Ball egy csod\u00e1latos kar\u00e1csonyi dekor\u00e1ci\u00f3, amely \u00fcnnepi l\u00e9gk\u00f6rt hoz otthon\u00e1ba. Min\u0151s\u00e9gi \u00fcvegb\u0151l k\u00e9sz\u00fcl, \u00e9s gy\u00f6ny\u00f6r\u0171 j\u00e9gmint\u00e1kkal rendelkezik, amelyek f\u00e9nyben csillognak. 10 cm \u00e1tm\u00e9r\u0151j\u00e9vel t\u00f6k\u00e9letes a kar\u00e1csonyf\u00e1n l\u00f3gni, vagy dekor\u00e1ci\u00f3k\u00e9nt az asztalon vagy a polcon. Hozd el \u00fcnnepi \u00f6r\u00f6m\u00e9t ezzel a Magic Ball Trottola Glass 10 cm -rel!<\/p>\n","protected":false},"featured_media":24509,"comment_status":"closed","ping_status":"open","template":"","meta":[],"product_brand":[],"product_cat":[2034,3678],"product_tag":[],"class_list":{"0":"post-27340","1":"product","2":"type-product","3":"status-publish","4":"has-post-thumbnail","6":"product_cat-karacsony","7":"product_cat-ujevi-diszek","8":"pa_material-uveg","9":"pa_visina-10-hu","11":"first","12":"instock","13":"taxable","14":"shipping-taxable","15":"purchasable","16":"product-type-simple"},"_links":{"self":[{"href":"https:\/\/www.miravila.com\/hu\/wp-json\/wp\/v2\/product\/27340","targetHints":{"allow":["GET"]}}],"collection":[{"href":"https:\/\/www.miravila.com\/hu\/wp-json\/wp\/v2\/product"}],"about":[{"href":"https:\/\/www.miravila.com\/hu\/wp-json\/wp\/v2\/types\/product"}],"replies":[{"embeddable":true,"href":"https:\/\/www.miravila.com\/hu\/wp-json\/wp\/v2\/comments?post=27340"}],"wp:featuredmedia":[{"embeddable":true,"href":"https:\/\/www.miravila.com\/hu\/wp-json\/wp\/v2\/media\/24509"}],"wp:attachment":[{"href":"https:\/\/www.miravila.com\/hu\/wp-json\/wp\/v2\/media?parent=27340"}],"wp:term":[{"taxonomy":"product_brand","embeddable":true,"href":"https:\/\/www.miravila.com\/hu\/wp-json\/wp\/v2\/product_brand?post=27340"},{"taxonomy":"product_cat","embeddable":true,"href":"https:\/\/www.miravila.com\/hu\/wp-json\/wp\/v2\/product_cat?post=27340"},{"taxonomy":"product_tag","embeddable":true,"href":"https:\/\/www.miravila.com\/hu\/wp-json\/wp\/v2\/product_tag?post=27340"}],"curies":[{"name":"wp","href":"https:\/\/api.w.org\/{rel}","templated":true}]}}