{"id":27319,"date":"2023-10-28T09:10:28","date_gmt":"2023-10-28T07:10:28","guid":{"rendered":"https:\/\/www.miravila.com\/product\/golyo-pohar-feher-ezust-vonalak-d-10-cm-x-1\/"},"modified":"2023-10-28T09:10:34","modified_gmt":"2023-10-28T07:10:34","slug":"golyo-pohar-feher-ezust-vonalak-d-10-cm-x-1","status":"publish","type":"product","link":"https:\/\/www.miravila.com\/hu\/termek\/golyo-pohar-feher-ezust-vonalak-d-10-cm-x-1\/","title":{"rendered":"Goly\u00f3 poh\u00e1r feh\u00e9r-ez\u00fcst vonalak D-10 cm x 1"},"content":{"rendered":"","protected":false},"excerpt":{"rendered":"<p>Ez a kar\u00e1csonyi goly\u00f3 \u00fcvegb\u0151l k\u00e9sz\u00fcl, \u00e9s feh\u00e9r-ez\u00fcst vonalakkal rendelkezik. M\u00e9rete 10 cm. A t\u00f6k\u00e9letes kieg\u00e9sz\u00edt\u0151 a kar\u00e1csonyfa d\u00edsz\u00edt\u00e9s\u00e9hez.<\/p>\n","protected":false},"featured_media":24431,"comment_status":"closed","ping_status":"open","template":"","meta":[],"product_brand":[],"product_cat":[2034,3678],"product_tag":[],"class_list":{"0":"post-27319","1":"product","2":"type-product","3":"status-publish","4":"has-post-thumbnail","6":"product_cat-karacsony","7":"product_cat-ujevi-diszek","8":"pa_barva-ezust","9":"pa_barva-feher","10":"pa_material-uveg","11":"pa_visina-10-hu","13":"first","14":"outofstock","15":"taxable","16":"shipping-taxable","17":"purchasable","18":"product-type-simple"},"_links":{"self":[{"href":"https:\/\/www.miravila.com\/hu\/wp-json\/wp\/v2\/product\/27319","targetHints":{"allow":["GET"]}}],"collection":[{"href":"https:\/\/www.miravila.com\/hu\/wp-json\/wp\/v2\/product"}],"about":[{"href":"https:\/\/www.miravila.com\/hu\/wp-json\/wp\/v2\/types\/product"}],"replies":[{"embeddable":true,"href":"https:\/\/www.miravila.com\/hu\/wp-json\/wp\/v2\/comments?post=27319"}],"wp:featuredmedia":[{"embeddable":true,"href":"https:\/\/www.miravila.com\/hu\/wp-json\/wp\/v2\/media\/24431"}],"wp:attachment":[{"href":"https:\/\/www.miravila.com\/hu\/wp-json\/wp\/v2\/media?parent=27319"}],"wp:term":[{"taxonomy":"product_brand","embeddable":true,"href":"https:\/\/www.miravila.com\/hu\/wp-json\/wp\/v2\/product_brand?post=27319"},{"taxonomy":"product_cat","embeddable":true,"href":"https:\/\/www.miravila.com\/hu\/wp-json\/wp\/v2\/product_cat?post=27319"},{"taxonomy":"product_tag","embeddable":true,"href":"https:\/\/www.miravila.com\/hu\/wp-json\/wp\/v2\/product_tag?post=27319"}],"curies":[{"name":"wp","href":"https:\/\/api.w.org\/{rel}","templated":true}]}}