{"id":27316,"date":"2023-10-28T09:10:28","date_gmt":"2023-10-28T07:10:28","guid":{"rendered":"https:\/\/www.miravila.com\/product\/madar-uveg-toll-h-11-d-6-cm-rozsaszin-x-1\/"},"modified":"2023-10-28T09:10:33","modified_gmt":"2023-10-28T07:10:33","slug":"madar-uveg-toll-h-11-d-6-cm-rozsaszin-x-1","status":"publish","type":"product","link":"https:\/\/www.miravila.com\/hu\/termek\/madar-uveg-toll-h-11-d-6-cm-rozsaszin-x-1\/","title":{"rendered":"Mad\u00e1r \u00fcveg toll H-11, d-6 cm r\u00f3zsasz\u00edn x 1"},"content":{"rendered":"","protected":false},"excerpt":{"rendered":"<p>Ez a kar\u00e1csonyi term\u00e9k egy gy\u00f6ny\u00f6r\u0171 r\u00f3zsasz\u00edn \u00fcveg mad\u00e1r, amelyet tollak d\u00edsz\u00edtenek. 11 cm magas \u00e9s 6 cm \u00e1tm\u00e9r\u0151j\u0171. A t\u00f6k\u00e9letes kieg\u00e9sz\u00edt\u0151 az \u00fcnnepi l\u00e9gk\u00f6rhez!<\/p>\n","protected":false},"featured_media":24769,"comment_status":"closed","ping_status":"open","template":"","meta":[],"product_brand":[],"product_cat":[2034,3678],"product_tag":[],"class_list":{"0":"post-27316","1":"product","2":"type-product","3":"status-publish","4":"has-post-thumbnail","6":"product_cat-karacsony","7":"product_cat-ujevi-diszek","8":"pa_barva-rozsaszin","9":"pa_material-uveg","10":"pa_visina-11-hu","12":"first","13":"instock","14":"taxable","15":"shipping-taxable","16":"purchasable","17":"product-type-simple"},"_links":{"self":[{"href":"https:\/\/www.miravila.com\/hu\/wp-json\/wp\/v2\/product\/27316","targetHints":{"allow":["GET"]}}],"collection":[{"href":"https:\/\/www.miravila.com\/hu\/wp-json\/wp\/v2\/product"}],"about":[{"href":"https:\/\/www.miravila.com\/hu\/wp-json\/wp\/v2\/types\/product"}],"replies":[{"embeddable":true,"href":"https:\/\/www.miravila.com\/hu\/wp-json\/wp\/v2\/comments?post=27316"}],"wp:featuredmedia":[{"embeddable":true,"href":"https:\/\/www.miravila.com\/hu\/wp-json\/wp\/v2\/media\/24769"}],"wp:attachment":[{"href":"https:\/\/www.miravila.com\/hu\/wp-json\/wp\/v2\/media?parent=27316"}],"wp:term":[{"taxonomy":"product_brand","embeddable":true,"href":"https:\/\/www.miravila.com\/hu\/wp-json\/wp\/v2\/product_brand?post=27316"},{"taxonomy":"product_cat","embeddable":true,"href":"https:\/\/www.miravila.com\/hu\/wp-json\/wp\/v2\/product_cat?post=27316"},{"taxonomy":"product_tag","embeddable":true,"href":"https:\/\/www.miravila.com\/hu\/wp-json\/wp\/v2\/product_tag?post=27316"}],"curies":[{"name":"wp","href":"https:\/\/api.w.org\/{rel}","templated":true}]}}