{"id":27315,"date":"2023-10-28T09:10:28","date_gmt":"2023-10-28T07:10:28","guid":{"rendered":"https:\/\/www.miravila.com\/product\/golyo-uveg-atlatszo-arany-meghintjuk-d-12-cm-x-1\/"},"modified":"2023-10-28T09:10:33","modified_gmt":"2023-10-28T07:10:33","slug":"golyo-uveg-atlatszo-arany-meghintjuk-d-12-cm-x-1","status":"publish","type":"product","link":"https:\/\/www.miravila.com\/hu\/termek\/golyo-uveg-atlatszo-arany-meghintjuk-d-12-cm-x-1\/","title":{"rendered":"Goly\u00f3 \u00fcveg \u00e1tl\u00e1tsz\u00f3 arany meghintj\u00fck D-12 cm x 1"},"content":{"rendered":"","protected":false},"excerpt":{"rendered":"<p>Ez a kar\u00e1csonyi goly\u00f3 \u00e1tl\u00e1tsz\u00f3 \u00fcvegb\u0151l k\u00e9sz\u00fcl, \u00e9s eleg\u00e1ns arany megsz\u00f3r\u00e1ssal rendelkezik. A goly\u00f3 \u00e1tm\u00e9r\u0151je 12 cm. A t\u00f6k\u00e9letes kieg\u00e9sz\u00edt\u0151 a kar\u00e1csonyfa d\u00edsz\u00edt\u00e9s\u00e9hez.<\/p>\n","protected":false},"featured_media":24829,"comment_status":"closed","ping_status":"open","template":"","meta":[],"product_brand":[],"product_cat":[2034,3678],"product_tag":[],"class_list":{"0":"post-27315","1":"product","2":"type-product","3":"status-publish","4":"has-post-thumbnail","6":"product_cat-karacsony","7":"product_cat-ujevi-diszek","8":"pa_barva-arany","9":"pa_barva-atlatszo","10":"pa_material-uveg","11":"pa_visina-12-hu","13":"first","14":"outofstock","15":"taxable","16":"shipping-taxable","17":"purchasable","18":"product-type-simple"},"_links":{"self":[{"href":"https:\/\/www.miravila.com\/hu\/wp-json\/wp\/v2\/product\/27315","targetHints":{"allow":["GET"]}}],"collection":[{"href":"https:\/\/www.miravila.com\/hu\/wp-json\/wp\/v2\/product"}],"about":[{"href":"https:\/\/www.miravila.com\/hu\/wp-json\/wp\/v2\/types\/product"}],"replies":[{"embeddable":true,"href":"https:\/\/www.miravila.com\/hu\/wp-json\/wp\/v2\/comments?post=27315"}],"wp:featuredmedia":[{"embeddable":true,"href":"https:\/\/www.miravila.com\/hu\/wp-json\/wp\/v2\/media\/24829"}],"wp:attachment":[{"href":"https:\/\/www.miravila.com\/hu\/wp-json\/wp\/v2\/media?parent=27315"}],"wp:term":[{"taxonomy":"product_brand","embeddable":true,"href":"https:\/\/www.miravila.com\/hu\/wp-json\/wp\/v2\/product_brand?post=27315"},{"taxonomy":"product_cat","embeddable":true,"href":"https:\/\/www.miravila.com\/hu\/wp-json\/wp\/v2\/product_cat?post=27315"},{"taxonomy":"product_tag","embeddable":true,"href":"https:\/\/www.miravila.com\/hu\/wp-json\/wp\/v2\/product_tag?post=27315"}],"curies":[{"name":"wp","href":"https:\/\/api.w.org\/{rel}","templated":true}]}}