{"id":27314,"date":"2023-10-28T09:10:28","date_gmt":"2023-10-28T07:10:28","guid":{"rendered":"https:\/\/www.miravila.com\/product\/golyo-uveg-masna-d-10-cm-arany\/"},"modified":"2023-10-28T09:10:33","modified_gmt":"2023-10-28T07:10:33","slug":"golyo-uveg-masna-d-10-cm-arany","status":"publish","type":"product","link":"https:\/\/www.miravila.com\/hu\/termek\/golyo-uveg-masna-d-10-cm-arany\/","title":{"rendered":"Goly\u00f3 \u00fcveg masna d-10 cm arany"},"content":{"rendered":"","protected":false},"excerpt":{"rendered":"<p>Ez a gy\u00f6ny\u00f6r\u0171 aranygoly\u00f3, gy\u00f6ny\u00f6r\u0171 t\u00f6megekkel, t\u00f6k\u00e9letes kieg\u00e9sz\u00edt\u0151 lesz a kar\u00e1csonyf\u00e1hoz. A 10 cm \u00e1tm\u00e9r\u0151j\u00e9vel az otthon\u00e1ban f\u00e9nyes \u00fcnnepi l\u00e9gk\u00f6rt biztos\u00edt.<\/p>\n","protected":false},"featured_media":24667,"comment_status":"closed","ping_status":"open","template":"","meta":[],"product_brand":[],"product_cat":[2034,3678],"product_tag":[],"class_list":{"0":"post-27314","1":"product","2":"type-product","3":"status-publish","4":"has-post-thumbnail","6":"product_cat-karacsony","7":"product_cat-ujevi-diszek","8":"pa_barva-arany","9":"pa_material-uveg","10":"pa_visina-10-hu","12":"first","13":"outofstock","14":"taxable","15":"shipping-taxable","16":"purchasable","17":"product-type-simple"},"_links":{"self":[{"href":"https:\/\/www.miravila.com\/hu\/wp-json\/wp\/v2\/product\/27314","targetHints":{"allow":["GET"]}}],"collection":[{"href":"https:\/\/www.miravila.com\/hu\/wp-json\/wp\/v2\/product"}],"about":[{"href":"https:\/\/www.miravila.com\/hu\/wp-json\/wp\/v2\/types\/product"}],"replies":[{"embeddable":true,"href":"https:\/\/www.miravila.com\/hu\/wp-json\/wp\/v2\/comments?post=27314"}],"wp:featuredmedia":[{"embeddable":true,"href":"https:\/\/www.miravila.com\/hu\/wp-json\/wp\/v2\/media\/24667"}],"wp:attachment":[{"href":"https:\/\/www.miravila.com\/hu\/wp-json\/wp\/v2\/media?parent=27314"}],"wp:term":[{"taxonomy":"product_brand","embeddable":true,"href":"https:\/\/www.miravila.com\/hu\/wp-json\/wp\/v2\/product_brand?post=27314"},{"taxonomy":"product_cat","embeddable":true,"href":"https:\/\/www.miravila.com\/hu\/wp-json\/wp\/v2\/product_cat?post=27314"},{"taxonomy":"product_tag","embeddable":true,"href":"https:\/\/www.miravila.com\/hu\/wp-json\/wp\/v2\/product_tag?post=27314"}],"curies":[{"name":"wp","href":"https:\/\/api.w.org\/{rel}","templated":true}]}}