{"id":27312,"date":"2023-10-28T09:10:28","date_gmt":"2023-10-28T07:10:28","guid":{"rendered":"https:\/\/www.miravila.com\/product\/fuggo-uveg-csuszas-jeg-h-20-cm-x-1\/"},"modified":"2023-10-28T09:10:32","modified_gmt":"2023-10-28T07:10:32","slug":"fuggo-uveg-csuszas-jeg-h-20-cm-x-1","status":"publish","type":"product","link":"https:\/\/www.miravila.com\/hu\/termek\/fuggo-uveg-csuszas-jeg-h-20-cm-x-1\/","title":{"rendered":"F\u00fcgg\u0151 \u00fcveg cs\u00fasz\u00e1s j\u00e9g H-20 cm x 1"},"content":{"rendered":"","protected":false},"excerpt":{"rendered":"<p>Ezt a gy\u00f6ny\u00f6r\u0171 \u00fcveg med\u00e1lot j\u00e9gszeletk\u00e9nt tervezt\u00e9k, \u00e9s \u00fcnnepi f\u00e9nyt adnak a kar\u00e1csonyf\u00e1hoz. 20 cm -re m\u00e9rhet\u0151, \u00e9s t\u00f6k\u00e9letes v\u00e1laszt\u00e1s otthon\u00e1nak d\u00edsz\u00edt\u00e9s\u00e9hez kar\u00e1csonyi \u00fcnnepek alatt.<\/p>\n","protected":false},"featured_media":24998,"comment_status":"closed","ping_status":"open","template":"","meta":[],"product_brand":[],"product_cat":[2034,3678],"product_tag":[],"class_list":{"0":"post-27312","1":"product","2":"type-product","3":"status-publish","4":"has-post-thumbnail","6":"product_cat-karacsony","7":"product_cat-ujevi-diszek","8":"pa_material-uveg","9":"pa_visina-20-hu","11":"first","12":"outofstock","13":"taxable","14":"shipping-taxable","15":"purchasable","16":"product-type-simple"},"_links":{"self":[{"href":"https:\/\/www.miravila.com\/hu\/wp-json\/wp\/v2\/product\/27312","targetHints":{"allow":["GET"]}}],"collection":[{"href":"https:\/\/www.miravila.com\/hu\/wp-json\/wp\/v2\/product"}],"about":[{"href":"https:\/\/www.miravila.com\/hu\/wp-json\/wp\/v2\/types\/product"}],"replies":[{"embeddable":true,"href":"https:\/\/www.miravila.com\/hu\/wp-json\/wp\/v2\/comments?post=27312"}],"wp:featuredmedia":[{"embeddable":true,"href":"https:\/\/www.miravila.com\/hu\/wp-json\/wp\/v2\/media\/24998"}],"wp:attachment":[{"href":"https:\/\/www.miravila.com\/hu\/wp-json\/wp\/v2\/media?parent=27312"}],"wp:term":[{"taxonomy":"product_brand","embeddable":true,"href":"https:\/\/www.miravila.com\/hu\/wp-json\/wp\/v2\/product_brand?post=27312"},{"taxonomy":"product_cat","embeddable":true,"href":"https:\/\/www.miravila.com\/hu\/wp-json\/wp\/v2\/product_cat?post=27312"},{"taxonomy":"product_tag","embeddable":true,"href":"https:\/\/www.miravila.com\/hu\/wp-json\/wp\/v2\/product_tag?post=27312"}],"curies":[{"name":"wp","href":"https:\/\/api.w.org\/{rel}","templated":true}]}}