{"id":27308,"date":"2023-10-28T09:10:28","date_gmt":"2023-10-28T07:10:28","guid":{"rendered":"https:\/\/www.miravila.com\/product\/golyo-uveg-jeg-d-10-cm-x-1\/"},"modified":"2023-10-28T09:10:31","modified_gmt":"2023-10-28T07:10:31","slug":"golyo-uveg-jeg-d-10-cm-x-1","status":"publish","type":"product","link":"https:\/\/www.miravila.com\/hu\/termek\/golyo-uveg-jeg-d-10-cm-x-1\/","title":{"rendered":"Goly\u00f3 \u00fcveg j\u00e9g D-10 cm x 1"},"content":{"rendered":"","protected":false},"excerpt":{"rendered":"<p>A 10 cm \u00e1tm\u00e9r\u0151j\u0171 j\u00e9g\u00fcveg kiv\u00e1l\u00f3 term\u00e9k a kar\u00e1csonyi dekor\u00e1ci\u00f3hoz. Eleg\u00e1ns \u00e9s f\u00e9nyes fel\u00fclet\u00e9vel minden bizonnyal vonzza minden l\u00e1togat\u00f3 figyelm\u00e9t. Helyezze egy f\u00e1ra vagy asztalra, \u00e9s hozzon l\u00e9tre \u00fcnnepi l\u00e9gk\u00f6rt.<\/p>\n","protected":false},"featured_media":25511,"comment_status":"closed","ping_status":"open","template":"","meta":[],"product_brand":[],"product_cat":[2034,3678],"product_tag":[],"class_list":{"0":"post-27308","1":"product","2":"type-product","3":"status-publish","4":"has-post-thumbnail","6":"product_cat-karacsony","7":"product_cat-ujevi-diszek","8":"pa_material-uveg","9":"pa_visina-10-hu","11":"first","12":"outofstock","13":"taxable","14":"shipping-taxable","15":"purchasable","16":"product-type-simple"},"_links":{"self":[{"href":"https:\/\/www.miravila.com\/hu\/wp-json\/wp\/v2\/product\/27308","targetHints":{"allow":["GET"]}}],"collection":[{"href":"https:\/\/www.miravila.com\/hu\/wp-json\/wp\/v2\/product"}],"about":[{"href":"https:\/\/www.miravila.com\/hu\/wp-json\/wp\/v2\/types\/product"}],"replies":[{"embeddable":true,"href":"https:\/\/www.miravila.com\/hu\/wp-json\/wp\/v2\/comments?post=27308"}],"wp:featuredmedia":[{"embeddable":true,"href":"https:\/\/www.miravila.com\/hu\/wp-json\/wp\/v2\/media\/25511"}],"wp:attachment":[{"href":"https:\/\/www.miravila.com\/hu\/wp-json\/wp\/v2\/media?parent=27308"}],"wp:term":[{"taxonomy":"product_brand","embeddable":true,"href":"https:\/\/www.miravila.com\/hu\/wp-json\/wp\/v2\/product_brand?post=27308"},{"taxonomy":"product_cat","embeddable":true,"href":"https:\/\/www.miravila.com\/hu\/wp-json\/wp\/v2\/product_cat?post=27308"},{"taxonomy":"product_tag","embeddable":true,"href":"https:\/\/www.miravila.com\/hu\/wp-json\/wp\/v2\/product_tag?post=27308"}],"curies":[{"name":"wp","href":"https:\/\/api.w.org\/{rel}","templated":true}]}}