{"id":27304,"date":"2023-10-28T09:10:28","date_gmt":"2023-10-28T07:10:28","guid":{"rendered":"https:\/\/www.miravila.com\/product\/golyo-konnyek-uveg-h-11-d-10-cm-piros\/"},"modified":"2023-10-28T09:10:30","modified_gmt":"2023-10-28T07:10:30","slug":"golyo-konnyek-uveg-h-11-d-10-cm-piros","status":"publish","type":"product","link":"https:\/\/www.miravila.com\/hu\/termek\/golyo-konnyek-uveg-h-11-d-10-cm-piros\/","title":{"rendered":"Goly\u00f3 k\u00f6nnyek \u00fcveg H-11, D-10 cm piros"},"content":{"rendered":"","protected":false},"excerpt":{"rendered":"<p>Ez a kar\u00e1csonyi goly\u00f3 \u00fcvegk\u00f6t\u00e9se 11 cm \u00e1tm\u00e9r\u0151j\u0171 \u00e9s gy\u00f6ny\u00f6r\u0171 piros sz\u00edn\u0171. A t\u00f6k\u00e9letes kieg\u00e9sz\u00edt\u0151 a kar\u00e1csonyf\u00e1d d\u00edsz\u00edt\u00e9s\u00e9hez!<\/p>\n","protected":false},"featured_media":24757,"comment_status":"closed","ping_status":"open","template":"","meta":[],"product_brand":[],"product_cat":[2034,3678],"product_tag":[],"class_list":{"0":"post-27304","1":"product","2":"type-product","3":"status-publish","4":"has-post-thumbnail","6":"product_cat-karacsony","7":"product_cat-ujevi-diszek","8":"pa_barva-piros","9":"pa_material-uveg","10":"pa_visina-11-hu","12":"first","13":"outofstock","14":"taxable","15":"shipping-taxable","16":"purchasable","17":"product-type-simple"},"_links":{"self":[{"href":"https:\/\/www.miravila.com\/hu\/wp-json\/wp\/v2\/product\/27304","targetHints":{"allow":["GET"]}}],"collection":[{"href":"https:\/\/www.miravila.com\/hu\/wp-json\/wp\/v2\/product"}],"about":[{"href":"https:\/\/www.miravila.com\/hu\/wp-json\/wp\/v2\/types\/product"}],"replies":[{"embeddable":true,"href":"https:\/\/www.miravila.com\/hu\/wp-json\/wp\/v2\/comments?post=27304"}],"wp:featuredmedia":[{"embeddable":true,"href":"https:\/\/www.miravila.com\/hu\/wp-json\/wp\/v2\/media\/24757"}],"wp:attachment":[{"href":"https:\/\/www.miravila.com\/hu\/wp-json\/wp\/v2\/media?parent=27304"}],"wp:term":[{"taxonomy":"product_brand","embeddable":true,"href":"https:\/\/www.miravila.com\/hu\/wp-json\/wp\/v2\/product_brand?post=27304"},{"taxonomy":"product_cat","embeddable":true,"href":"https:\/\/www.miravila.com\/hu\/wp-json\/wp\/v2\/product_cat?post=27304"},{"taxonomy":"product_tag","embeddable":true,"href":"https:\/\/www.miravila.com\/hu\/wp-json\/wp\/v2\/product_tag?post=27304"}],"curies":[{"name":"wp","href":"https:\/\/api.w.org\/{rel}","templated":true}]}}