{"id":27302,"date":"2023-10-28T09:10:28","date_gmt":"2023-10-28T07:10:28","guid":{"rendered":"https:\/\/www.miravila.com\/product\/golyo-uveg-koszoru-perla-d-10-cm-piros\/"},"modified":"2023-10-28T09:10:29","modified_gmt":"2023-10-28T07:10:29","slug":"golyo-uveg-koszoru-perla-d-10-cm-piros","status":"publish","type":"product","link":"https:\/\/www.miravila.com\/hu\/termek\/golyo-uveg-koszoru-perla-d-10-cm-piros\/","title":{"rendered":"Goly\u00f3 \u00fcveg koszor\u00fa Perla D-10 cm piros"},"content":{"rendered":"","protected":false},"excerpt":{"rendered":"<p>Ez a gy\u00f6ny\u00f6r\u0171 10 cm \u00e1tm\u00e9r\u0151j\u0171 \u00fcvegg\u00f6mb t\u00f6k\u00e9letes a kar\u00e1csonyfa d\u00edsz\u00edt\u00e9s\u00e9hez. Gy\u00f6ny\u00f6r\u0171 koszor\u00faj\u00e1val \u00e9s gy\u00f6ngy\u00f6kkel \u00fcnnepi l\u00e9gk\u00f6rt fog l\u00e9trehozni otthon\u00e1ban.<\/p>\n","protected":false},"featured_media":24545,"comment_status":"closed","ping_status":"open","template":"","meta":[],"product_brand":[],"product_cat":[2034,3678],"product_tag":[],"class_list":{"0":"post-27302","1":"product","2":"type-product","3":"status-publish","4":"has-post-thumbnail","6":"product_cat-karacsony","7":"product_cat-ujevi-diszek","8":"pa_barva-piros","9":"pa_material-uveg","10":"pa_visina-10-hu","12":"first","13":"outofstock","14":"taxable","15":"shipping-taxable","16":"purchasable","17":"product-type-simple"},"_links":{"self":[{"href":"https:\/\/www.miravila.com\/hu\/wp-json\/wp\/v2\/product\/27302","targetHints":{"allow":["GET"]}}],"collection":[{"href":"https:\/\/www.miravila.com\/hu\/wp-json\/wp\/v2\/product"}],"about":[{"href":"https:\/\/www.miravila.com\/hu\/wp-json\/wp\/v2\/types\/product"}],"replies":[{"embeddable":true,"href":"https:\/\/www.miravila.com\/hu\/wp-json\/wp\/v2\/comments?post=27302"}],"wp:featuredmedia":[{"embeddable":true,"href":"https:\/\/www.miravila.com\/hu\/wp-json\/wp\/v2\/media\/24545"}],"wp:attachment":[{"href":"https:\/\/www.miravila.com\/hu\/wp-json\/wp\/v2\/media?parent=27302"}],"wp:term":[{"taxonomy":"product_brand","embeddable":true,"href":"https:\/\/www.miravila.com\/hu\/wp-json\/wp\/v2\/product_brand?post=27302"},{"taxonomy":"product_cat","embeddable":true,"href":"https:\/\/www.miravila.com\/hu\/wp-json\/wp\/v2\/product_cat?post=27302"},{"taxonomy":"product_tag","embeddable":true,"href":"https:\/\/www.miravila.com\/hu\/wp-json\/wp\/v2\/product_tag?post=27302"}],"curies":[{"name":"wp","href":"https:\/\/api.w.org\/{rel}","templated":true}]}}