{"id":27300,"date":"2023-10-28T09:10:28","date_gmt":"2023-10-28T07:10:28","guid":{"rendered":"https:\/\/www.miravila.com\/product\/a-trottola-righhe-d-10-cm-rozsaszin-golyo\/"},"modified":"2023-10-28T09:10:28","modified_gmt":"2023-10-28T07:10:28","slug":"a-trottola-righhe-d-10-cm-rozsaszin-golyo","status":"publish","type":"product","link":"https:\/\/www.miravila.com\/hu\/termek\/a-trottola-righhe-d-10-cm-rozsaszin-golyo\/","title":{"rendered":"A Trottola Righhe D-10 cm r\u00f3zsasz\u00edn goly\u00f3"},"content":{"rendered":"","protected":false},"excerpt":{"rendered":"<p>Ezt az \u00fcvegb\u0151l k\u00e9sz\u00fclt r\u00f3zsasz\u00edn kar\u00e1csonyi goly\u00f3t gy\u00f6ny\u00f6r\u0171 forg\u00f3 mint\u00e1k d\u00edsz\u00edtik. 10 cm \u00e1tm\u00e9r\u0151j\u00e9vel minden bizonnyal felh\u00edvja a figyelmet a kar\u00e1csonyf\u00e1ra. A t\u00f6k\u00e9letes v\u00e1laszt\u00e1s, hogy \u00fcnnepi f\u00e9nyt adjon otthon\u00e1hoz.<\/p>\n","protected":false},"featured_media":24601,"comment_status":"closed","ping_status":"open","template":"","meta":[],"product_brand":[],"product_cat":[2034,3678],"product_tag":[],"class_list":{"0":"post-27300","1":"product","2":"type-product","3":"status-publish","4":"has-post-thumbnail","6":"product_cat-karacsony","7":"product_cat-ujevi-diszek","8":"pa_barva-arany","9":"pa_barva-rozsaszin","10":"pa_material-uveg","11":"pa_visina-10-hu","13":"first","14":"outofstock","15":"taxable","16":"shipping-taxable","17":"purchasable","18":"product-type-simple"},"_links":{"self":[{"href":"https:\/\/www.miravila.com\/hu\/wp-json\/wp\/v2\/product\/27300","targetHints":{"allow":["GET"]}}],"collection":[{"href":"https:\/\/www.miravila.com\/hu\/wp-json\/wp\/v2\/product"}],"about":[{"href":"https:\/\/www.miravila.com\/hu\/wp-json\/wp\/v2\/types\/product"}],"replies":[{"embeddable":true,"href":"https:\/\/www.miravila.com\/hu\/wp-json\/wp\/v2\/comments?post=27300"}],"wp:featuredmedia":[{"embeddable":true,"href":"https:\/\/www.miravila.com\/hu\/wp-json\/wp\/v2\/media\/24601"}],"wp:attachment":[{"href":"https:\/\/www.miravila.com\/hu\/wp-json\/wp\/v2\/media?parent=27300"}],"wp:term":[{"taxonomy":"product_brand","embeddable":true,"href":"https:\/\/www.miravila.com\/hu\/wp-json\/wp\/v2\/product_brand?post=27300"},{"taxonomy":"product_cat","embeddable":true,"href":"https:\/\/www.miravila.com\/hu\/wp-json\/wp\/v2\/product_cat?post=27300"},{"taxonomy":"product_tag","embeddable":true,"href":"https:\/\/www.miravila.com\/hu\/wp-json\/wp\/v2\/product_tag?post=27300"}],"curies":[{"name":"wp","href":"https:\/\/api.w.org\/{rel}","templated":true}]}}