{"id":27287,"date":"2023-10-28T09:10:21","date_gmt":"2023-10-28T07:10:21","guid":{"rendered":"https:\/\/www.miravila.com\/product\/golyo-uveg-arany-d-8-cm-2\/"},"modified":"2023-10-28T09:10:24","modified_gmt":"2023-10-28T07:10:24","slug":"golyo-uveg-arany-d-8-cm-2","status":"publish","type":"product","link":"https:\/\/www.miravila.com\/hu\/termek\/golyo-uveg-arany-d-8-cm-2\/","title":{"rendered":"Goly\u00f3 \u00fcveg arany D-8 cm"},"content":{"rendered":"","protected":false},"excerpt":{"rendered":"<p>Ez a kar\u00e1csonyi dekor\u00e1ci\u00f3 t\u00f6k\u00e9letes a kar\u00e1csonyfa d\u00edsz\u00edt\u00e9s\u00e9hez. \u00dcvegb\u0151l k\u00e9sz\u00fcl, \u00e1tm\u00e9r\u0151je 8 cm. A labd\u00e1t arany d\u00edsz\u00edti, amely biztosan felh\u00edvja a figyelmet. Adjon hozz\u00e1 egy kis ragyog\u00f3 \u00e9s \u00fcnnepi l\u00e9gk\u00f6rt otthon\u00e1hoz ezzel a gy\u00f6ny\u00f6r\u0171 kar\u00e1csonyi goly\u00f3val.<\/p>\n","protected":false},"featured_media":26860,"comment_status":"closed","ping_status":"closed","template":"","meta":[],"product_brand":[],"product_cat":[2034,3678],"product_tag":[],"class_list":{"0":"post-27287","1":"product","2":"type-product","3":"status-publish","4":"has-post-thumbnail","6":"product_cat-karacsony","7":"product_cat-ujevi-diszek","8":"pa_barva-arany","9":"pa_material-uveg","10":"pa_visina-8-hu","12":"first","13":"instock","14":"taxable","15":"shipping-taxable","16":"purchasable","17":"product-type-simple"},"_links":{"self":[{"href":"https:\/\/www.miravila.com\/hu\/wp-json\/wp\/v2\/product\/27287","targetHints":{"allow":["GET"]}}],"collection":[{"href":"https:\/\/www.miravila.com\/hu\/wp-json\/wp\/v2\/product"}],"about":[{"href":"https:\/\/www.miravila.com\/hu\/wp-json\/wp\/v2\/types\/product"}],"replies":[{"embeddable":true,"href":"https:\/\/www.miravila.com\/hu\/wp-json\/wp\/v2\/comments?post=27287"}],"wp:featuredmedia":[{"embeddable":true,"href":"https:\/\/www.miravila.com\/hu\/wp-json\/wp\/v2\/media\/26860"}],"wp:attachment":[{"href":"https:\/\/www.miravila.com\/hu\/wp-json\/wp\/v2\/media?parent=27287"}],"wp:term":[{"taxonomy":"product_brand","embeddable":true,"href":"https:\/\/www.miravila.com\/hu\/wp-json\/wp\/v2\/product_brand?post=27287"},{"taxonomy":"product_cat","embeddable":true,"href":"https:\/\/www.miravila.com\/hu\/wp-json\/wp\/v2\/product_cat?post=27287"},{"taxonomy":"product_tag","embeddable":true,"href":"https:\/\/www.miravila.com\/hu\/wp-json\/wp\/v2\/product_tag?post=27287"}],"curies":[{"name":"wp","href":"https:\/\/api.w.org\/{rel}","templated":true}]}}