{"id":27267,"date":"2023-10-28T09:10:13","date_gmt":"2023-10-28T07:10:13","guid":{"rendered":"https:\/\/www.miravila.com\/product\/uveggomb-d-12-cm-x-1-ezustfeher\/"},"modified":"2023-10-28T09:10:15","modified_gmt":"2023-10-28T07:10:15","slug":"uveggomb-d-12-cm-x-1-ezustfeher","status":"publish","type":"product","link":"https:\/\/www.miravila.com\/hu\/termek\/uveggomb-d-12-cm-x-1-ezustfeher\/","title":{"rendered":"\u00dcvegg\u00f6mb D-12 cm x 1 ez\u00fcstfeh\u00e9r"},"content":{"rendered":"","protected":false},"excerpt":{"rendered":"<p>A 12 cm \u00e1tm\u00e9r\u0151j\u0171 \u00fcvegg\u00f6mb ez\u00fcstfeh\u00e9rben a t\u00f6k\u00e9letes dekor\u00e1ci\u00f3 a kar\u00e1csonyfa sz\u00e1m\u00e1ra. Vil\u00e1gos \u00e9s csillog\u00e1s\u00e1val \u00fcnnepi l\u00e9gk\u00f6rt teremt otthon\u00e1ban.<\/p>\n","protected":false},"featured_media":24817,"comment_status":"closed","ping_status":"open","template":"","meta":[],"product_brand":[],"product_cat":[2034,3678],"product_tag":[],"class_list":{"0":"post-27267","1":"product","2":"type-product","3":"status-publish","4":"has-post-thumbnail","6":"product_cat-karacsony","7":"product_cat-ujevi-diszek","8":"pa_barva-ezust","9":"pa_material-uveg","10":"pa_visina-12-hu","12":"first","13":"outofstock","14":"taxable","15":"shipping-taxable","16":"purchasable","17":"product-type-simple"},"_links":{"self":[{"href":"https:\/\/www.miravila.com\/hu\/wp-json\/wp\/v2\/product\/27267","targetHints":{"allow":["GET"]}}],"collection":[{"href":"https:\/\/www.miravila.com\/hu\/wp-json\/wp\/v2\/product"}],"about":[{"href":"https:\/\/www.miravila.com\/hu\/wp-json\/wp\/v2\/types\/product"}],"replies":[{"embeddable":true,"href":"https:\/\/www.miravila.com\/hu\/wp-json\/wp\/v2\/comments?post=27267"}],"wp:featuredmedia":[{"embeddable":true,"href":"https:\/\/www.miravila.com\/hu\/wp-json\/wp\/v2\/media\/24817"}],"wp:attachment":[{"href":"https:\/\/www.miravila.com\/hu\/wp-json\/wp\/v2\/media?parent=27267"}],"wp:term":[{"taxonomy":"product_brand","embeddable":true,"href":"https:\/\/www.miravila.com\/hu\/wp-json\/wp\/v2\/product_brand?post=27267"},{"taxonomy":"product_cat","embeddable":true,"href":"https:\/\/www.miravila.com\/hu\/wp-json\/wp\/v2\/product_cat?post=27267"},{"taxonomy":"product_tag","embeddable":true,"href":"https:\/\/www.miravila.com\/hu\/wp-json\/wp\/v2\/product_tag?post=27267"}],"curies":[{"name":"wp","href":"https:\/\/api.w.org\/{rel}","templated":true}]}}