{"id":27257,"date":"2023-10-28T09:10:05","date_gmt":"2023-10-28T07:10:05","guid":{"rendered":"https:\/\/www.miravila.com\/product\/golyo-uveg-irid-megrole-d-8-cm-x-1\/"},"modified":"2023-10-28T09:10:11","modified_gmt":"2023-10-28T07:10:11","slug":"golyo-uveg-irid-megrole-d-8-cm-x-1","status":"publish","type":"product","link":"https:\/\/www.miravila.com\/hu\/termek\/golyo-uveg-irid-megrole-d-8-cm-x-1\/","title":{"rendered":"Goly\u00f3 \u00fcveg irid-megrole D-8 cm x 1"},"content":{"rendered":"","protected":false},"excerpt":{"rendered":"<p>Ez az \u00fcvegb\u0151l k\u00e9sz\u00fclt kar\u00e1csonyi goly\u00f3 t\u00f6k\u00e9letes dekor\u00e1ci\u00f3 a feny\u0151 sz\u00e1m\u00e1ra. Egyedi iriz\u00e1l\u00f3 bubor\u00e9kj\u00e1val vonzza az \u00f6sszes n\u00e9zetet. A labda m\u00e9rete 8 cm, \u00e9s egy darabban kaphat\u00f3.<\/p>\n","protected":false},"featured_media":25244,"comment_status":"closed","ping_status":"open","template":"","meta":[],"product_brand":[],"product_cat":[2034,3678],"product_tag":[],"class_list":{"0":"post-27257","1":"product","2":"type-product","3":"status-publish","4":"has-post-thumbnail","6":"product_cat-karacsony","7":"product_cat-ujevi-diszek","8":"pa_material-uveg","9":"pa_visina-8-hu","11":"first","12":"instock","13":"taxable","14":"shipping-taxable","15":"purchasable","16":"product-type-simple"},"_links":{"self":[{"href":"https:\/\/www.miravila.com\/hu\/wp-json\/wp\/v2\/product\/27257","targetHints":{"allow":["GET"]}}],"collection":[{"href":"https:\/\/www.miravila.com\/hu\/wp-json\/wp\/v2\/product"}],"about":[{"href":"https:\/\/www.miravila.com\/hu\/wp-json\/wp\/v2\/types\/product"}],"replies":[{"embeddable":true,"href":"https:\/\/www.miravila.com\/hu\/wp-json\/wp\/v2\/comments?post=27257"}],"wp:featuredmedia":[{"embeddable":true,"href":"https:\/\/www.miravila.com\/hu\/wp-json\/wp\/v2\/media\/25244"}],"wp:attachment":[{"href":"https:\/\/www.miravila.com\/hu\/wp-json\/wp\/v2\/media?parent=27257"}],"wp:term":[{"taxonomy":"product_brand","embeddable":true,"href":"https:\/\/www.miravila.com\/hu\/wp-json\/wp\/v2\/product_brand?post=27257"},{"taxonomy":"product_cat","embeddable":true,"href":"https:\/\/www.miravila.com\/hu\/wp-json\/wp\/v2\/product_cat?post=27257"},{"taxonomy":"product_tag","embeddable":true,"href":"https:\/\/www.miravila.com\/hu\/wp-json\/wp\/v2\/product_tag?post=27257"}],"curies":[{"name":"wp","href":"https:\/\/api.w.org\/{rel}","templated":true}]}}