{"id":27252,"date":"2023-10-28T09:10:05","date_gmt":"2023-10-28T07:10:05","guid":{"rendered":"https:\/\/www.miravila.com\/product\/golyo-uveg-dandy-d-10-cm-piros-patchn\/"},"modified":"2023-10-28T09:10:10","modified_gmt":"2023-10-28T07:10:10","slug":"golyo-uveg-dandy-d-10-cm-piros-patchn","status":"publish","type":"product","link":"https:\/\/www.miravila.com\/hu\/termek\/golyo-uveg-dandy-d-10-cm-piros-patchn\/","title":{"rendered":"Goly\u00f3 \u00fcveg Dandy D-10 cm piros (Patch)\nN"},"content":{"rendered":"","protected":false},"excerpt":{"rendered":"<p>Term\u00e9kle\u00edr\u00e1s: A Dandy \u00fcvegg\u00f6mb 10 cm \u00e1tm\u00e9r\u0151j\u0171 piros sz\u00edn\u0171, t\u00f6k\u00e9letes kieg\u00e9sz\u00edt\u0151 a kar\u00e1csonyi dekor\u00e1ci\u00f3hoz. Haszn\u00e1lhatja lucfeny\u0151sz\u00edjk\u00e9nt, vagy dekorat\u00edv elemk\u00e9nt az asztalra helyezheti. A f\u00e9nyes fel\u00fclet \u00e9s az \u00e9l\u00e9nk sz\u00edn minden bizonnyal vonzza az otthoni l\u00e1togat\u00f3k kil\u00e1t\u00e1s\u00e1t. K\u00e9sz\u00edtsen var\u00e1zslatos kar\u00e1csonyi hangulatot ezzel a gy\u00f6ny\u00f6r\u0171 Dandy Glass labd\u00e1val.<\/p>\n","protected":false},"featured_media":25439,"comment_status":"closed","ping_status":"open","template":"","meta":[],"product_brand":[],"product_cat":[2034,3678],"product_tag":[],"class_list":{"0":"post-27252","1":"product","2":"type-product","3":"status-publish","4":"has-post-thumbnail","6":"product_cat-karacsony","7":"product_cat-ujevi-diszek","8":"pa_barva-piros","9":"pa_material-uveg","10":"pa_visina-10-hu","12":"first","13":"outofstock","14":"taxable","15":"shipping-taxable","16":"purchasable","17":"product-type-simple"},"_links":{"self":[{"href":"https:\/\/www.miravila.com\/hu\/wp-json\/wp\/v2\/product\/27252","targetHints":{"allow":["GET"]}}],"collection":[{"href":"https:\/\/www.miravila.com\/hu\/wp-json\/wp\/v2\/product"}],"about":[{"href":"https:\/\/www.miravila.com\/hu\/wp-json\/wp\/v2\/types\/product"}],"replies":[{"embeddable":true,"href":"https:\/\/www.miravila.com\/hu\/wp-json\/wp\/v2\/comments?post=27252"}],"wp:featuredmedia":[{"embeddable":true,"href":"https:\/\/www.miravila.com\/hu\/wp-json\/wp\/v2\/media\/25439"}],"wp:attachment":[{"href":"https:\/\/www.miravila.com\/hu\/wp-json\/wp\/v2\/media?parent=27252"}],"wp:term":[{"taxonomy":"product_brand","embeddable":true,"href":"https:\/\/www.miravila.com\/hu\/wp-json\/wp\/v2\/product_brand?post=27252"},{"taxonomy":"product_cat","embeddable":true,"href":"https:\/\/www.miravila.com\/hu\/wp-json\/wp\/v2\/product_cat?post=27252"},{"taxonomy":"product_tag","embeddable":true,"href":"https:\/\/www.miravila.com\/hu\/wp-json\/wp\/v2\/product_tag?post=27252"}],"curies":[{"name":"wp","href":"https:\/\/api.w.org\/{rel}","templated":true}]}}