{"id":27246,"date":"2023-10-28T09:10:05","date_gmt":"2023-10-28T07:10:05","guid":{"rendered":"https:\/\/www.miravila.com\/product\/medal-asole-gyemantok-cof-h-21-cm-borostyan\/"},"modified":"2023-10-28T09:10:08","modified_gmt":"2023-10-28T07:10:08","slug":"medal-asole-gyemantok-cof-h-21-cm-borostyan","status":"publish","type":"product","link":"https:\/\/www.miravila.com\/hu\/termek\/medal-asole-gyemantok-cof-h-21-cm-borostyan\/","title":{"rendered":"Med\u00e1l asole gy\u00e9m\u00e1ntok\/COF H-21 cm borosty\u00e1n"},"content":{"rendered":"","protected":false},"excerpt":{"rendered":"<p>Term\u00e9kle\u00edr\u00e1s: Kar\u00e1csonyfa med\u00e1l 21 cm \u00e1tm\u00e9r\u0151j\u0171 \u00e9s borosty\u00e1nsz\u00edn\u0171.<\/p>\n","protected":false},"featured_media":25643,"comment_status":"closed","ping_status":"open","template":"","meta":[],"product_brand":[],"product_cat":[2034,3678],"product_tag":[],"class_list":{"0":"post-27246","1":"product","2":"type-product","3":"status-publish","4":"has-post-thumbnail","6":"product_cat-karacsony","7":"product_cat-ujevi-diszek","8":"pa_barva-borostyan","9":"pa_visina-21-hu","11":"first","12":"outofstock","13":"taxable","14":"shipping-taxable","15":"purchasable","16":"product-type-simple"},"_links":{"self":[{"href":"https:\/\/www.miravila.com\/hu\/wp-json\/wp\/v2\/product\/27246","targetHints":{"allow":["GET"]}}],"collection":[{"href":"https:\/\/www.miravila.com\/hu\/wp-json\/wp\/v2\/product"}],"about":[{"href":"https:\/\/www.miravila.com\/hu\/wp-json\/wp\/v2\/types\/product"}],"replies":[{"embeddable":true,"href":"https:\/\/www.miravila.com\/hu\/wp-json\/wp\/v2\/comments?post=27246"}],"wp:featuredmedia":[{"embeddable":true,"href":"https:\/\/www.miravila.com\/hu\/wp-json\/wp\/v2\/media\/25643"}],"wp:attachment":[{"href":"https:\/\/www.miravila.com\/hu\/wp-json\/wp\/v2\/media?parent=27246"}],"wp:term":[{"taxonomy":"product_brand","embeddable":true,"href":"https:\/\/www.miravila.com\/hu\/wp-json\/wp\/v2\/product_brand?post=27246"},{"taxonomy":"product_cat","embeddable":true,"href":"https:\/\/www.miravila.com\/hu\/wp-json\/wp\/v2\/product_cat?post=27246"},{"taxonomy":"product_tag","embeddable":true,"href":"https:\/\/www.miravila.com\/hu\/wp-json\/wp\/v2\/product_tag?post=27246"}],"curies":[{"name":"wp","href":"https:\/\/api.w.org\/{rel}","templated":true}]}}