{"id":27245,"date":"2023-10-28T09:10:05","date_gmt":"2023-10-28T07:10:05","guid":{"rendered":"https:\/\/www.miravila.com\/product\/medal-asole-gyemantok-cof-h-21-cm-piros\/"},"modified":"2023-10-28T09:10:07","modified_gmt":"2023-10-28T07:10:07","slug":"medal-asole-gyemantok-cof-h-21-cm-piros","status":"publish","type":"product","link":"https:\/\/www.miravila.com\/hu\/termek\/medal-asole-gyemantok-cof-h-21-cm-piros\/","title":{"rendered":"Med\u00e1l asole gy\u00e9m\u00e1ntok\/COF H-21 cm piros"},"content":{"rendered":"","protected":false},"excerpt":{"rendered":"<p>Asola med\u00e1l gy\u00e9m\u00e1ntja egy csod\u00e1latos kar\u00e1csonyi dekor\u00e1ci\u00f3, amely minden bizonnyal felh\u00edvja a figyelmet az \u00faj\u00e9vi f\u00e1ra. A csillog\u00f3 gy\u00e9m\u00e1ntokkal \u00e9s a v\u00f6r\u00f6svel \u00fcnnepi l\u00e9gk\u00f6rt teremt otthon\u00e1ban. 21 cm -es m\u00e9ret\u00e9vel is alkalmas nagyobb FIRS -hez is. Az elegancia \u00e9s a ragyog\u00e1s biztosan gazdag\u00edtja az \u00fcnnepeit.<\/p>\n","protected":false},"featured_media":25655,"comment_status":"closed","ping_status":"open","template":"","meta":[],"product_brand":[],"product_cat":[2034,3678],"product_tag":[],"class_list":{"0":"post-27245","1":"product","2":"type-product","3":"status-publish","4":"has-post-thumbnail","6":"product_cat-karacsony","7":"product_cat-ujevi-diszek","8":"pa_barva-piros","9":"pa_visina-21-hu","11":"first","12":"outofstock","13":"taxable","14":"shipping-taxable","15":"purchasable","16":"product-type-simple"},"_links":{"self":[{"href":"https:\/\/www.miravila.com\/hu\/wp-json\/wp\/v2\/product\/27245","targetHints":{"allow":["GET"]}}],"collection":[{"href":"https:\/\/www.miravila.com\/hu\/wp-json\/wp\/v2\/product"}],"about":[{"href":"https:\/\/www.miravila.com\/hu\/wp-json\/wp\/v2\/types\/product"}],"replies":[{"embeddable":true,"href":"https:\/\/www.miravila.com\/hu\/wp-json\/wp\/v2\/comments?post=27245"}],"wp:featuredmedia":[{"embeddable":true,"href":"https:\/\/www.miravila.com\/hu\/wp-json\/wp\/v2\/media\/25655"}],"wp:attachment":[{"href":"https:\/\/www.miravila.com\/hu\/wp-json\/wp\/v2\/media?parent=27245"}],"wp:term":[{"taxonomy":"product_brand","embeddable":true,"href":"https:\/\/www.miravila.com\/hu\/wp-json\/wp\/v2\/product_brand?post=27245"},{"taxonomy":"product_cat","embeddable":true,"href":"https:\/\/www.miravila.com\/hu\/wp-json\/wp\/v2\/product_cat?post=27245"},{"taxonomy":"product_tag","embeddable":true,"href":"https:\/\/www.miravila.com\/hu\/wp-json\/wp\/v2\/product_tag?post=27245"}],"curies":[{"name":"wp","href":"https:\/\/api.w.org\/{rel}","templated":true}]}}