{"id":27244,"date":"2023-10-28T09:10:05","date_gmt":"2023-10-28T07:10:05","guid":{"rendered":"https:\/\/www.miravila.com\/product\/medal-hopehely-gemme-cof-h-22-cm-arany-rozsaszin\/"},"modified":"2023-10-28T09:10:07","modified_gmt":"2023-10-28T07:10:07","slug":"medal-hopehely-gemme-cof-h-22-cm-arany-rozsaszin","status":"publish","type":"product","link":"https:\/\/www.miravila.com\/hu\/termek\/medal-hopehely-gemme-cof-h-22-cm-arany-rozsaszin\/","title":{"rendered":"Med\u00e1l h\u00f3pehely gemme\/cof h-22 cm arany-r\u00f3zsasz\u00edn"},"content":{"rendered":"","protected":false},"excerpt":{"rendered":"<p>A Gemme\/COF h\u00f3 med\u00e1l egy csod\u00e1latos kar\u00e1csonyi kieg\u00e9sz\u00edt\u0151 az otthoni d\u00edsz\u00edt\u00e9s\u00e9hez. Kiv\u00e1l\u00f3 min\u0151s\u00e9g\u0171 anyagb\u00f3l k\u00e9sz\u00fcl, \u00e9s kifinomult arany-r\u00f3zsasz\u00edn kialak\u00edt\u00e1s\u00fa. A 22 cm -es m\u00e9ret\u00e9vel minden bizonnyal felh\u00edvja a figyelmet \u00e9s \u00fcnnepi l\u00e9gk\u00f6rt teremt az \u0171rben.<\/p>\n","protected":false},"featured_media":25679,"comment_status":"closed","ping_status":"open","template":"","meta":[],"product_brand":[],"product_cat":[2034,3678],"product_tag":[],"class_list":{"0":"post-27244","1":"product","2":"type-product","3":"status-publish","4":"has-post-thumbnail","6":"product_cat-karacsony","7":"product_cat-ujevi-diszek","8":"pa_barva-arany","9":"pa_barva-rozsaszin","10":"pa_visina-22-hu-2","12":"first","13":"outofstock","14":"taxable","15":"shipping-taxable","16":"purchasable","17":"product-type-simple"},"_links":{"self":[{"href":"https:\/\/www.miravila.com\/hu\/wp-json\/wp\/v2\/product\/27244","targetHints":{"allow":["GET"]}}],"collection":[{"href":"https:\/\/www.miravila.com\/hu\/wp-json\/wp\/v2\/product"}],"about":[{"href":"https:\/\/www.miravila.com\/hu\/wp-json\/wp\/v2\/types\/product"}],"replies":[{"embeddable":true,"href":"https:\/\/www.miravila.com\/hu\/wp-json\/wp\/v2\/comments?post=27244"}],"wp:featuredmedia":[{"embeddable":true,"href":"https:\/\/www.miravila.com\/hu\/wp-json\/wp\/v2\/media\/25679"}],"wp:attachment":[{"href":"https:\/\/www.miravila.com\/hu\/wp-json\/wp\/v2\/media?parent=27244"}],"wp:term":[{"taxonomy":"product_brand","embeddable":true,"href":"https:\/\/www.miravila.com\/hu\/wp-json\/wp\/v2\/product_brand?post=27244"},{"taxonomy":"product_cat","embeddable":true,"href":"https:\/\/www.miravila.com\/hu\/wp-json\/wp\/v2\/product_cat?post=27244"},{"taxonomy":"product_tag","embeddable":true,"href":"https:\/\/www.miravila.com\/hu\/wp-json\/wp\/v2\/product_tag?post=27244"}],"curies":[{"name":"wp","href":"https:\/\/api.w.org\/{rel}","templated":true}]}}