{"id":27243,"date":"2023-10-28T09:10:05","date_gmt":"2023-10-28T07:10:05","guid":{"rendered":"https:\/\/www.miravila.com\/product\/medal-hopehely-gemme-cof-h-22-cm-piros\/"},"modified":"2023-10-28T09:10:07","modified_gmt":"2023-10-28T07:10:07","slug":"medal-hopehely-gemme-cof-h-22-cm-piros","status":"publish","type":"product","link":"https:\/\/www.miravila.com\/hu\/termek\/medal-hopehely-gemme-cof-h-22-cm-piros\/","title":{"rendered":"Med\u00e1l h\u00f3pehely gemme\/cof h-22 cm piros"},"content":{"rendered":"","protected":false},"excerpt":{"rendered":"<p>A Gemme\/COF h\u00f3pehely med\u00e1l a t\u00f6k\u00e9letes kar\u00e1csonyi dekor\u00e1ci\u00f3s kieg\u00e9sz\u00edt\u0151. Min\u0151s\u00e9gi anyagb\u00f3l k\u00e9sz\u00fcl, gy\u00f6ny\u00f6r\u0171 piros sz\u00edn\u0171. 22 cm -es m\u00e9ret\u00e9vel minden bizonnyal felh\u00edvja a figyelmet, \u00e9s hozz\u00e1adja az \u00fcnnepi var\u00e1zst otthon\u00e1hoz.<\/p>\n","protected":false},"featured_media":25673,"comment_status":"closed","ping_status":"open","template":"","meta":[],"product_brand":[],"product_cat":[2034,3678],"product_tag":[],"class_list":{"0":"post-27243","1":"product","2":"type-product","3":"status-publish","4":"has-post-thumbnail","6":"product_cat-karacsony","7":"product_cat-ujevi-diszek","8":"pa_barva-piros","9":"pa_visina-22-hu-2","11":"first","12":"instock","13":"taxable","14":"shipping-taxable","15":"purchasable","16":"product-type-simple"},"_links":{"self":[{"href":"https:\/\/www.miravila.com\/hu\/wp-json\/wp\/v2\/product\/27243","targetHints":{"allow":["GET"]}}],"collection":[{"href":"https:\/\/www.miravila.com\/hu\/wp-json\/wp\/v2\/product"}],"about":[{"href":"https:\/\/www.miravila.com\/hu\/wp-json\/wp\/v2\/types\/product"}],"replies":[{"embeddable":true,"href":"https:\/\/www.miravila.com\/hu\/wp-json\/wp\/v2\/comments?post=27243"}],"wp:featuredmedia":[{"embeddable":true,"href":"https:\/\/www.miravila.com\/hu\/wp-json\/wp\/v2\/media\/25673"}],"wp:attachment":[{"href":"https:\/\/www.miravila.com\/hu\/wp-json\/wp\/v2\/media?parent=27243"}],"wp:term":[{"taxonomy":"product_brand","embeddable":true,"href":"https:\/\/www.miravila.com\/hu\/wp-json\/wp\/v2\/product_brand?post=27243"},{"taxonomy":"product_cat","embeddable":true,"href":"https:\/\/www.miravila.com\/hu\/wp-json\/wp\/v2\/product_cat?post=27243"},{"taxonomy":"product_tag","embeddable":true,"href":"https:\/\/www.miravila.com\/hu\/wp-json\/wp\/v2\/product_tag?post=27243"}],"curies":[{"name":"wp","href":"https:\/\/api.w.org\/{rel}","templated":true}]}}