{"id":27228,"date":"2023-10-28T09:09:56","date_gmt":"2023-10-28T07:09:56","guid":{"rendered":"https:\/\/www.miravila.com\/product\/cukorrud-uvegkeszlet-3-h-201712-cm\/"},"modified":"2023-10-28T09:09:59","modified_gmt":"2023-10-28T07:09:59","slug":"cukorrud-uvegkeszlet-3-h-201712-cm","status":"publish","type":"product","link":"https:\/\/www.miravila.com\/hu\/termek\/cukorrud-uvegkeszlet-3-h-201712-cm\/","title":{"rendered":"Cukorr\u00fad \u00fcvegk\u00e9szlet 3 (H-20+17+12 cm)"},"content":{"rendered":"<p>\u00daj\u00e9vi r\u00f3zsasz\u00edn dekor\u00e1ci\u00f3 cukorp\u00e1lc\u00e1k form\u00e1j\u00e1ban.<\/p>\n<hr>\n<p> <\/p>\n<h5> anyag: <\/h5>\n<p> \u00fcveg<br \/>\n <\/p>\n<h5> Dimenzi\u00f3: <\/h5>\n<p> 20 cm<\/p>\n","protected":false},"excerpt":{"rendered":"<p>A cukorp\u00e1lca \u00fcvegk\u00e9szlet 3 k\u00fcl\u00f6nb\u00f6z\u0151 rudat tartalmaz (20 cm, 17 cm, 12 cm), \u00e9s kiv\u00e1l\u00f3 term\u00e9k a kar\u00e1csonyfa d\u00edsz\u00edt\u00e9s\u00e9hez. Min\u0151s\u00e9gi \u00fcvegb\u0151l k\u00e9sz\u00fclt, ezek a cukorp\u00e1lc\u00e1k \u00fcnnepi ragyog\u00e1st adnak otthon\u00e1hoz. A t\u00f6k\u00e9letes v\u00e1laszt\u00e1s a var\u00e1zslatos l\u00e9gk\u00f6r megteremt\u00e9s\u00e9hez kar\u00e1csonyi \u00fcnnepek alatt.<\/p>\n","protected":false},"featured_media":24980,"comment_status":"closed","ping_status":"open","template":"","meta":[],"product_brand":[],"product_cat":[2034,3678],"product_tag":[],"class_list":{"0":"post-27228","1":"product","2":"type-product","3":"status-publish","4":"has-post-thumbnail","6":"product_cat-karacsony","7":"product_cat-ujevi-diszek","8":"pa_material-uveg","9":"pa_visina-20-hu","11":"first","12":"outofstock","13":"taxable","14":"shipping-taxable","15":"purchasable","16":"product-type-simple"},"_links":{"self":[{"href":"https:\/\/www.miravila.com\/hu\/wp-json\/wp\/v2\/product\/27228","targetHints":{"allow":["GET"]}}],"collection":[{"href":"https:\/\/www.miravila.com\/hu\/wp-json\/wp\/v2\/product"}],"about":[{"href":"https:\/\/www.miravila.com\/hu\/wp-json\/wp\/v2\/types\/product"}],"replies":[{"embeddable":true,"href":"https:\/\/www.miravila.com\/hu\/wp-json\/wp\/v2\/comments?post=27228"}],"wp:featuredmedia":[{"embeddable":true,"href":"https:\/\/www.miravila.com\/hu\/wp-json\/wp\/v2\/media\/24980"}],"wp:attachment":[{"href":"https:\/\/www.miravila.com\/hu\/wp-json\/wp\/v2\/media?parent=27228"}],"wp:term":[{"taxonomy":"product_brand","embeddable":true,"href":"https:\/\/www.miravila.com\/hu\/wp-json\/wp\/v2\/product_brand?post=27228"},{"taxonomy":"product_cat","embeddable":true,"href":"https:\/\/www.miravila.com\/hu\/wp-json\/wp\/v2\/product_cat?post=27228"},{"taxonomy":"product_tag","embeddable":true,"href":"https:\/\/www.miravila.com\/hu\/wp-json\/wp\/v2\/product_tag?post=27228"}],"curies":[{"name":"wp","href":"https:\/\/api.w.org\/{rel}","templated":true}]}}