{"id":27225,"date":"2023-10-28T09:09:56","date_gmt":"2023-10-28T07:09:56","guid":{"rendered":"https:\/\/www.miravila.com\/product\/medal-uveg-mikulas-mikulas-h-13-cm\/"},"modified":"2023-10-28T09:09:58","modified_gmt":"2023-10-28T07:09:58","slug":"medal-uveg-mikulas-mikulas-h-13-cm","status":"publish","type":"product","link":"https:\/\/www.miravila.com\/hu\/termek\/medal-uveg-mikulas-mikulas-h-13-cm\/","title":{"rendered":"Med\u00e1l \u00fcveg Mikul\u00e1s Mikul\u00e1s H-13 cm"},"content":{"rendered":"<p>A r\u00e9szletes kar\u00e1csonyi fej \u00faj\u00e9vi dekor\u00e1ci\u00f3ja szak\u00e1llral.<\/p>\n<hr>\n<p> <\/p>\n<h5> anyag: <\/h5>\n<p> \u00fcveg<br \/>\n <\/p>\n<h5> Dimenzi\u00f3: <\/h5>\n<p> 13cm<\/p>\n","protected":false},"excerpt":{"rendered":"<p>Ez a gy\u00f6ny\u00f6r\u0171 \u00fcveg med\u00e1l megmutatja a Mikul\u00e1s \u00e9s 13 cm magas. A t\u00f6k\u00e9letes kieg\u00e9sz\u00edt\u00e9s a kar\u00e1csonyf\u00e1dhoz.<\/p>\n","protected":false},"featured_media":24889,"comment_status":"closed","ping_status":"open","template":"","meta":[],"product_brand":[],"product_cat":[2034,3678],"product_tag":[],"class_list":{"0":"post-27225","1":"product","2":"type-product","3":"status-publish","4":"has-post-thumbnail","6":"product_cat-karacsony","7":"product_cat-ujevi-diszek","8":"pa_material-uveg","9":"pa_visina-13-hu","11":"first","12":"instock","13":"taxable","14":"shipping-taxable","15":"purchasable","16":"product-type-simple"},"_links":{"self":[{"href":"https:\/\/www.miravila.com\/hu\/wp-json\/wp\/v2\/product\/27225","targetHints":{"allow":["GET"]}}],"collection":[{"href":"https:\/\/www.miravila.com\/hu\/wp-json\/wp\/v2\/product"}],"about":[{"href":"https:\/\/www.miravila.com\/hu\/wp-json\/wp\/v2\/types\/product"}],"replies":[{"embeddable":true,"href":"https:\/\/www.miravila.com\/hu\/wp-json\/wp\/v2\/comments?post=27225"}],"wp:featuredmedia":[{"embeddable":true,"href":"https:\/\/www.miravila.com\/hu\/wp-json\/wp\/v2\/media\/24889"}],"wp:attachment":[{"href":"https:\/\/www.miravila.com\/hu\/wp-json\/wp\/v2\/media?parent=27225"}],"wp:term":[{"taxonomy":"product_brand","embeddable":true,"href":"https:\/\/www.miravila.com\/hu\/wp-json\/wp\/v2\/product_brand?post=27225"},{"taxonomy":"product_cat","embeddable":true,"href":"https:\/\/www.miravila.com\/hu\/wp-json\/wp\/v2\/product_cat?post=27225"},{"taxonomy":"product_tag","embeddable":true,"href":"https:\/\/www.miravila.com\/hu\/wp-json\/wp\/v2\/product_tag?post=27225"}],"curies":[{"name":"wp","href":"https:\/\/api.w.org\/{rel}","templated":true}]}}